{"id":54,"date":"2015-05-16T09:07:33","date_gmt":"2015-05-16T07:07:33","guid":{"rendered":"http:\/\/www.reimersbs.se\/?page_id=54"},"modified":"2026-05-04T08:05:24","modified_gmt":"2026-05-04T06:05:24","slug":"medlemsidor","status":"publish","type":"page","link":"https:\/\/www.reimersbs.se\/index.php\/medlemsidor\/","title":{"rendered":"Medlemssidor"},"content":{"rendered":"\n<p class=\"has-medium-font-size\"><mark style=\"background-color:rgba(0, 0, 0, 0)\" class=\"has-inline-color has-black-color\"><strong>V\u00e4lkommen till medlemssidorna<\/strong> f\u00f6r dig som \u00e4r <strong>medlem i RBS.<\/strong> <\/mark><br>N\u00e4r du \u00e4r inloggad kan du klicka p\u00e5 medlemssidor i huvudmenyn och \u00e4ven se och anv\u00e4nda dig av l\u00e4nkarna f\u00f6r RBS:s medlemmar h\u00e4r nedan.<br>Om du inte har ett login, klicka p\u00e5 n\u00e5gon av l\u00e4nkarna nedan, (tex bryggplatser) s\u00e5 kommer du automatiskt komma till ett formul\u00e4r som du ska fylla i, f\u00f6r att registrera dig. <em>(G\u00e4ller endast medlemmar)<\/em><br>Eller anv\u00e4nd denna direktl\u00e4nk till registrering f\u00f6r hemsidan, d\u00e4r du ocks\u00e5 kan \u00e5terst\u00e4lla ditt l\u00f6senord: <br> &#8211; &#8211; &gt; <a href=\"http:\/\/www.reimersbs.se\/index.php\/medlemsadministration\/\">Endast f\u00f6r RBS-medlemmar: Registrera dig f\u00f6r hemsidan h\u00e4r eller om du gl\u00f6mt ditt l\u00f6senord<\/a><br><em><br>Ta f\u00f6r vana att kontrollera s\u00e5 alla uppgifter om dig st\u00e4mmer.<\/em><br><em>Har du bytt telefonnummer, adress, e-post eller s\u00e5, anm\u00e4l detta till&nbsp;<\/em><a href=\"mailto:medlemsansvarig@reimersbs.se\">medlemsansvarig@reimersbs.se<\/a><em><span id=\"cloak70992\"><\/span><\/em><\/p>\n\n\n\n<h3 class=\"wp-block-heading has-black-color has-text-color has-background has-link-color wp-elements-39251c37fced881b2b45ebc74bcd39a5\" style=\"background-color:#e3ebed\">L\u00c4NKAR F\u00d6R DIG SOM \u00c4R MEDLEM OCH INLOGGAD:<\/h3>\n\n\n\n<hr class=\"wp-block-separator has-alpha-channel-opacity is-style-wide\"\/>\n\n\n\n<h4 class=\"wp-block-heading\">INTYG GIFTFRI B\u00c5TBOTTEN<\/h4>\n\n\n\n<p>Alla medlemmar med b\u00e5t m\u00e5ste fylla i f\u00f6ljande blankett och \u00f6verl\u00e4mna till hamnkapten:<\/p>\n\n\n\n<div class=\"wp-block-file\"><a id=\"wp-block-file--media-2424d35b-b745-47e1-bc5f-e363ca57419c\" href=\"http:\/\/www.reimersbs.se\/wp-content\/uploads\/2022\/04\/Intyg-giftfri-batbotten-Reimers-BS-2022-04-27.pdf\">Intyg-giftfri-batbotten-Reimers-BS-2022-04-27<\/a><a href=\"http:\/\/www.reimersbs.se\/wp-content\/uploads\/2022\/04\/Intyg-giftfri-batbotten-Reimers-BS-2022-04-27.pdf\" class=\"wp-block-file__button wp-element-button\" download aria-describedby=\"wp-block-file--media-2424d35b-b745-47e1-bc5f-e363ca57419c\">Ladda ner<\/a><\/div>\n\n\n\n<hr class=\"wp-block-separator has-alpha-channel-opacity is-style-wide\"\/>\n\n\n\n<h3 class=\"wp-block-heading\">L\u00e4nkar f\u00f6r medlemmar:<\/h3>\n\n\n\n<div class=\"ml-grid\">\n  <a class=\"ml-btn\" href=\"http:\/\/www.reimersbs.se\/index.php\/matrikel\/\">Medlemsmatrikel<\/a>\n  <a class=\"ml-btn\" href=\"http:\/\/www.reimersbs.se\/index.php\/bryggplatser\/\">Bryggplatser och kanotst\u00e4ll<\/a>\n  <a class=\"ml-btn\" href=\"http:\/\/www.reimersbs.se\/index.php\/ordningsregler\/\">V\u00e5ra ordningsregler<\/a>\n  <!-- l\u00e4gg fler vid behov -->\n<\/div>\n\n\n\n<P>\n\n\n\n<div class=\"ml-grid\">\n  <a class=\"ml-btn\" href=\"http:\/\/www.reimersbs.se\/index.php\/miljopolicy\/\">MILJ\u00d6POLICY<\/a>\n  <a class=\"ml-btn\" href=\"http:\/\/www.reimersbs.se\/index.php\/tillgang-till-langholmens-ramp-for-dig-som-medlem\/\">L\u00e5ngholmens ramp<\/a>\n  <a class=\"ml-btn\" href=\"http:\/\/www.reimersbs.se\/index.php\/att-ha-fest-pa-bryggan\/\">Om fest p\u00e5 bryggan<\/a>\n  <!-- l\u00e4gg fler vid behov -->\n<\/div>\n\n\n\n<p>\n\n\n\n<div class=\"ml-grid\">\n  <a class=\"ml-btn\" href=\"http:\/\/www.reimersbs.se\/index.php\/oversikt-bryggan-och-varvet\/\">Karta, bryggan och varvet<\/a>\n  <a class=\"ml-btn\" href=\"http:\/\/www.reimersbs.se\/index.php\/klubbprylar\/\">V\u00e5ra klubbprylar<\/a>\n  <a class=\"ml-btn\" href=\"http:\/\/www.reimersbs.se\/index.php\/sjosattning\/\">Om sj\u00f6 och torrs\u00e4ttning<\/a>\n  <!-- l\u00e4gg fler vid behov -->\n<\/div>\n\n\n\n<p>\n\n\n\n<div class=\"ml-grid\">\n  <a class=\"ml-btn\" href=\"https:\/\/www.reimersbs.se\/index.php\/kalendarium\/\">KALENDARIUM<\/a>\n  <a class=\"ml-btn\" href=\"https:\/\/www.reimersbs.se\/index.php\/styrelsen\/\">STYRELSEN<\/a>\n  <a class=\"ml-btn\" href=\"https:\/\/www.reimersbs.se\/index.php\/stadgar\/\">STADGAR<\/a>\n  <!-- l\u00e4gg fler vid behov -->\n<\/div>\n\n\n\n<p>\n\n\n\n<div class=\"ml-grid\">\n  <a class=\"ml-btn\" href=\"https:\/\/www.reimersbs.se\/index.php\/avgifter\/\">AVGIFTER<\/a>\n  <a class=\"ml-btn\" href=\"https:\/\/www.reimersbs.se\/index.php\/historia\/\">Historia<\/a>\n<a href=\"https:\/\/www.facebook.com\/reimersbs\" target=\"_blank\" rel=\"noopener\"\n   class=\"rbs-fbbtn\" aria-label=\"RBS p\u00e5 Facebook (\u00f6ppnas i ny flik)\">\n  <svg viewBox=\"0 0 24 24\" aria-hidden=\"true\" class=\"icon\"><path d=\"M22 12.06C22 6.49 17.52 2 11.94 2 6.37 2 1.88 6.49 1.88 12.06c0 4.99 3.64 9.13 8.4 9.94v-7.03H7.89v-2.9h2.39V9.25c0-2.36 1.4-3.66 3.55-3.66 1.03 0 2.1.18 2.1.18v2.31h-1.18c-1.16 0-1.52.72-1.52 1.45v1.74h2.59l-.41 2.9h-2.18V22c4.76-.81 8.4-4.95 8.4-9.94Z\"\/><\/svg>\n  RBS p\u00e5 facebook\n<\/a>\n<\/div>\n\n\n\n<p>\n\n\n\n<div class=\"ml-grid\">\n  <a class=\"ml-btn\" href=\"https:\/\/www.reimersbs.se\/index.php\/2025\/09\/01\/nytt-beslut-sok-for-bat-pa-trailer-vintertid-pa-varvet\/\">TRAILER VINTERTID<\/a>\n  <a class=\"ml-btn\" href=\"https:\/\/www.reimersbs.se\/index.php\/2023\/03\/07\/viktigt-att-tanka-pa-vid-2ahandsuthyrning\/\">2:a-handsuthyrning<\/a>\n<\/div>\n\n\n\n<p>\n\n\n\n<hr class=\"wp-block-separator has-alpha-channel-opacity is-style-wide\"\/>\n\n\n\n<h4 class=\"wp-block-heading\">L\u00e4nklista:<br><\/h4>\n\n\n\n<p>H\u00e4r finner du en lista p\u00e5 l\u00e4nkarna ovan.<\/p>\n\n\n\n<p class=\"has-medium-font-size\"><a href=\"http:\/\/www.reimersbs.se\/index.php\/matrikel\/\">Medlemsmatrikel<\/a><span style=\"font-size: revert; color: initial;\">\u00a0uppdaterad 2025-03-04<\/span><br><a href=\"http:\/\/www.reimersbs.se\/index.php\/bryggplatser\/\">Bryggplatser\u00a0och kanotst\u00e4ll<\/a><br><a href=\"http:\/\/www.reimersbs.se\/index.php\/ordningsregler\/\">V\u00e5ra ordningsregler<\/a><br><a href=\"http:\/\/www.reimersbs.se\/index.php\/miljopolicy\/\">Milj\u00f6policy<\/a><br><a href=\"http:\/\/www.reimersbs.se\/index.php\/tillgang-till-langholmens-ramp-for-dig-som-medlem\/\" data-type=\"page\" data-id=\"991\">Tillg\u00e5ng till L\u00e5ngholmens ramp<\/a><br><a href=\"http:\/\/www.reimersbs.se\/index.php\/att-ha-fest-pa-bryggan\/\">Information till dig som vill ha fest p\u00e5 bryggan<\/a><br><a href=\"http:\/\/www.reimersbs.se\/index.php\/oversikt-bryggan-och-varvet\/\">Karta \u00f6ver bryggan och varvet<\/a><br><a href=\"http:\/\/www.reimersbs.se\/index.php\/klubbprylar\/\">V\u00e5ra klubbprylar<\/a><br><a href=\"http:\/\/www.reimersbs.se\/index.php\/sjosattning\/\">Om sj\u00f6 och torrs\u00e4ttning<\/a><br><a href=\"https:\/\/www.reimersbs.se\/index.php\/kalendarium\/\" data-type=\"page\" data-id=\"18\">Kalendarium<\/a><br><a href=\"https:\/\/www.reimersbs.se\/index.php\/styrelsen\/\" data-type=\"page\" data-id=\"8\">Styrelsen<\/a><br><a href=\"https:\/\/www.reimersbs.se\/index.php\/stadgar\/\" data-type=\"page\" data-id=\"26\">V\u00e5ra stadgar<\/a><br><a href=\"https:\/\/www.reimersbs.se\/index.php\/avgifter\/\" data-type=\"page\" data-id=\"15\">Avgifter<\/a><br><a href=\"https:\/\/www.reimersbs.se\/index.php\/historia\/\" data-type=\"page\" data-id=\"11\">Historia<\/a><br><a href=\"https:\/\/www.reimersbs.se\/index.php\/egenkontroll\/\" data-type=\"page\" data-id=\"2033\">Formul\u00e4r f\u00f6r egenkontroll, varvet<\/a><br><\/p>\n\n\n\n<h3 class=\"wp-block-heading\">Arkiv:<\/h3>\n\n\n\n<p>H\u00e4r hittar du arkiverade sidor, fr\u00e5n t ex \u00e5rsm\u00f6ten och \u00e4ldre dokument. <\/p>\n\n\n\n<p class=\"has-medium-font-size\"><a href=\"https:\/\/www.reimersbs.se\/index.php\/arsmotet-2025\/\" data-type=\"page\" data-id=\"1599\">\u00c5RSM\u00d6TET 2025 &#8211; UPPDATERAT MED PROTOKOLL<\/a><br><a href=\"http:\/\/www.reimersbs.se\/index.php\/extrastamman-for-fyllnadsval-24-sep-2024\/\" data-type=\"page\" data-id=\"1574\">EXTRAST\u00c4MMA 24 SEPT 2024-med protokoll<br><\/a><a href=\"http:\/\/www.reimersbs.se\/index.php\/arsmotet-2024\/\" data-type=\"page\" data-id=\"1366\">\u00c5RSM\u00d6TET 2024 &#8211; UPPDATERAT MED PROTOKOLL<\/a><br><em><a href=\"http:\/\/www.reimersbs.se\/index.php\/medlemsfest-2023\/\">Om medlemsfesten 2023<\/a><\/em><br><a href=\"http:\/\/www.reimersbs.se\/index.php\/arsmotet-2023\/\" data-type=\"page\" data-id=\"1223\">\u00c5RSM\u00d6TET 2023, den 11 maj 2023 &#8211; MED PROTOKOLL<\/a><br><a href=\"http:\/\/www.reimersbs.se\/index.php\/extrastamman-for-fyllnadsval-22-feb-2022\/\" data-type=\"page\" data-id=\"1227\">EXTRAST\u00c4MMA  22 FEB 2023 &#8211; Protokoll<\/a><br><a href=\"http:\/\/www.reimersbs.se\/index.php\/extrastamman-31-augusti-2022\/\" data-type=\"page\" data-id=\"1201\">EXTRAST\u00c4MMA 31 AUG 2022 &#8211; Protokoll<\/a><br><a href=\"http:\/\/www.reimersbs.se\/index.php\/arsmotet-2022\/\" data-type=\"page\" data-id=\"1229\">\u00c5RSM\u00d6TET 2022- UPPDATERAT MED PROTOKOLL<\/a><br><a href=\"http:\/\/www.reimersbs.se\/index.php\/medlemsbrev\/\">Medlemsbrev 2022<\/a><br><a href=\"http:\/\/www.reimersbs.se\/index.php\/arsmotet-2021\/\" data-type=\"page\" data-id=\"722\">\u00c5RSM\u00d6TET 2021 &#8211; UPPDATERAT MED PROTOKOLL<\/a><br><a href=\"http:\/\/www.reimersbs.se\/index.php\/arsmotet\/\" data-type=\"page\" data-id=\"80\">\u00c5RSM\u00d6TET 2020 &#8211; UPPDATERAT MED PROTOKOLL<\/a><\/p>\n\n\n\n<hr class=\"wp-block-separator has-alpha-channel-opacity is-style-wide\"\/>\n","protected":false},"excerpt":{"rendered":"<p>V\u00e4lkommen till medlemssidorna f\u00f6r dig som \u00e4r medlem i RBS. N\u00e4r du \u00e4r inloggad kan du klicka p\u00e5 medlemssidor i huvudmenyn och \u00e4ven se och anv\u00e4nda dig av l\u00e4nkarna f\u00f6r RBS:s medlemmar h\u00e4r nedan.Om du inte har ett login, klicka p\u00e5 n\u00e5gon av l\u00e4nkarna nedan, (tex bryggplatser) s\u00e5 kommer du&#46;&#46;&#46; <a class=\"more-link\" href=\"https:\/\/www.reimersbs.se\/index.php\/medlemsidor\/\">L\u00e4s mer \u00bb<\/a><\/p>\n","protected":false},"author":1,"featured_media":0,"parent":0,"menu_order":0,"comment_status":"open","ping_status":"open","template":"","meta":{"footnotes":""},"class_list":["post-54","page","type-page","status-publish","hentry"],"_links":{"self":[{"href":"https:\/\/www.reimersbs.se\/index.php\/wp-json\/wp\/v2\/pages\/54","targetHints":{"allow":["GET"]}}],"collection":[{"href":"https:\/\/www.reimersbs.se\/index.php\/wp-json\/wp\/v2\/pages"}],"about":[{"href":"https:\/\/www.reimersbs.se\/index.php\/wp-json\/wp\/v2\/types\/page"}],"author":[{"embeddable":true,"href":"https:\/\/www.reimersbs.se\/index.php\/wp-json\/wp\/v2\/users\/1"}],"replies":[{"embeddable":true,"href":"https:\/\/www.reimersbs.se\/index.php\/wp-json\/wp\/v2\/comments?post=54"}],"version-history":[{"count":172,"href":"https:\/\/www.reimersbs.se\/index.php\/wp-json\/wp\/v2\/pages\/54\/revisions"}],"predecessor-version":[{"id":2064,"href":"https:\/\/www.reimersbs.se\/index.php\/wp-json\/wp\/v2\/pages\/54\/revisions\/2064"}],"wp:attachment":[{"href":"https:\/\/www.reimersbs.se\/index.php\/wp-json\/wp\/v2\/media?parent=54"}],"curies":[{"name":"wp","href":"https:\/\/api.w.org\/{rel}","templated":true}]}}