{"id":37,"date":"2015-05-16T09:03:26","date_gmt":"2015-05-16T07:03:26","guid":{"rendered":"http:\/\/www.reimersbs.se\/?page_id=37"},"modified":"2024-05-25T18:22:13","modified_gmt":"2024-05-25T16:22:13","slug":"karta","status":"publish","type":"page","link":"https:\/\/www.reimersbs.se\/index.php\/karta\/","title":{"rendered":"Karta"},"content":{"rendered":"<p><strong>Reimers B\u00e5ts\u00e4llskap:<\/strong><br \/>P\u00e5 varvet har vi v\u00e5ra vinterplatser, v\u00e5rat klubbhus och ett begr\u00e4nsat antal bryggplatser och allt detta ligger p\u00e5 L\u00e5ngholmen, m\u00e4rkt \u201dVarvet\u201d p\u00e5 kartan.<br \/>Hamnen eller Reimersbryggan som vi ocks\u00e5 s\u00e4ger, d\u00e4r har vi majoriteten av v\u00e5ra bryggplatser och v\u00e5r brygga ligger p\u00e5 Reimersholme, m\u00e4rkt \u201dReimersbryggan\u201d p\u00e5 kartan.<\/p>\n\n\n<figure class=\"wp-block-image size-large\"><a href=\"http:\/\/www.reimersbs.se\/wp-content\/uploads\/2024\/05\/IMG_0009.jpeg\" data-rel=\"lightbox-image-0\" data-rl_title=\"\" data-rl_caption=\"\" title=\"\"><img loading=\"lazy\" decoding=\"async\" width=\"1024\" height=\"715\" src=\"http:\/\/www.reimersbs.se\/wp-content\/uploads\/2024\/05\/IMG_0009-1024x715.jpeg\" alt=\"\" class=\"wp-image-1552\" srcset=\"https:\/\/www.reimersbs.se\/wp-content\/uploads\/2024\/05\/IMG_0009-1024x715.jpeg 1024w, https:\/\/www.reimersbs.se\/wp-content\/uploads\/2024\/05\/IMG_0009-300x210.jpeg 300w, https:\/\/www.reimersbs.se\/wp-content\/uploads\/2024\/05\/IMG_0009-768x536.jpeg 768w, https:\/\/www.reimersbs.se\/wp-content\/uploads\/2024\/05\/IMG_0009-1536x1073.jpeg 1536w, https:\/\/www.reimersbs.se\/wp-content\/uploads\/2024\/05\/IMG_0009-2048x1431.jpeg 2048w\" sizes=\"auto, (max-width: 1024px) 100vw, 1024px\" \/><\/a><figcaption class=\"wp-element-caption\">Hamnen (Reimersbryggan) p\u00e5 Reimersholme och \u201dVarvet\u201d p\u00e5 L\u00e5ngholmen.<\/figcaption><\/figure>\n","protected":false},"excerpt":{"rendered":"<p>Reimers B\u00e5ts\u00e4llskap:P\u00e5 varvet har vi v\u00e5ra vinterplatser, v\u00e5rat klubbhus och ett begr\u00e4nsat antal bryggplatser och allt detta ligger p\u00e5 L\u00e5ngholmen, m\u00e4rkt \u201dVarvet\u201d p\u00e5 kartan.Hamnen eller Reimersbryggan som vi ocks\u00e5 s\u00e4ger, d\u00e4r har vi majoriteten av v\u00e5ra bryggplatser och v\u00e5r brygga ligger p\u00e5 Reimersholme, m\u00e4rkt \u201dReimersbryggan\u201d p\u00e5 kartan. <a class=\"more-link\" href=\"https:\/\/www.reimersbs.se\/index.php\/karta\/\">L\u00e4s mer \u00bb<\/a><\/p>\n","protected":false},"author":1,"featured_media":0,"parent":0,"menu_order":0,"comment_status":"open","ping_status":"open","template":"","meta":{"footnotes":""},"class_list":["post-37","page","type-page","status-publish","hentry"],"_links":{"self":[{"href":"https:\/\/www.reimersbs.se\/index.php\/wp-json\/wp\/v2\/pages\/37","targetHints":{"allow":["GET"]}}],"collection":[{"href":"https:\/\/www.reimersbs.se\/index.php\/wp-json\/wp\/v2\/pages"}],"about":[{"href":"https:\/\/www.reimersbs.se\/index.php\/wp-json\/wp\/v2\/types\/page"}],"author":[{"embeddable":true,"href":"https:\/\/www.reimersbs.se\/index.php\/wp-json\/wp\/v2\/users\/1"}],"replies":[{"embeddable":true,"href":"https:\/\/www.reimersbs.se\/index.php\/wp-json\/wp\/v2\/comments?post=37"}],"version-history":[{"count":3,"href":"https:\/\/www.reimersbs.se\/index.php\/wp-json\/wp\/v2\/pages\/37\/revisions"}],"predecessor-version":[{"id":1555,"href":"https:\/\/www.reimersbs.se\/index.php\/wp-json\/wp\/v2\/pages\/37\/revisions\/1555"}],"wp:attachment":[{"href":"https:\/\/www.reimersbs.se\/index.php\/wp-json\/wp\/v2\/media?parent=37"}],"curies":[{"name":"wp","href":"https:\/\/api.w.org\/{rel}","templated":true}]}}