{"id":1917,"date":"2026-02-05T20:54:06","date_gmt":"2026-02-05T19:54:06","guid":{"rendered":"https:\/\/www.reimersbs.se\/?page_id=1917"},"modified":"2026-03-23T20:25:32","modified_gmt":"2026-03-23T19:25:32","slug":"arsmotet-2026","status":"publish","type":"page","link":"https:\/\/www.reimersbs.se\/index.php\/arsmotet-2026\/","title":{"rendered":"\u00c5rsm\u00f6tet 2026"},"content":{"rendered":"\n<h3 class=\"wp-block-heading\">H\u00e4r hittar du allt du beh\u00f6ver veta om \u00c5rsm\u00f6tet 2026.<br><\/h3>\n\n\n\n<h4 class=\"wp-block-heading\">PROTOKOLL FR\u00c5N \u00c5RSM\u00d6TET 2026<\/h4>\n\n\n\n<div class=\"wp-block-file\"><a id=\"wp-block-file--media-38e87006-3101-4d7d-af44-692684b317f9\" href=\"https:\/\/www.reimersbs.se\/wp-content\/uploads\/2026\/03\/20260311-RBS-Protokoll-Arsmotet-2026-signerat.pdf\">20260311-RBS-Protokoll-\u00c5rsm\u00f6tet-2026-signerat<\/a><a href=\"https:\/\/www.reimersbs.se\/wp-content\/uploads\/2026\/03\/20260311-RBS-Protokoll-Arsmotet-2026-signerat.pdf\" class=\"wp-block-file__button wp-element-button\" download aria-describedby=\"wp-block-file--media-38e87006-3101-4d7d-af44-692684b317f9\">Ladda ner<\/a><\/div>\n\n\n\n<p>\u00d6vriga dokument finner du l\u00e4ngre ner p\u00e5 denna sida. <br><br><strong>KALLELSE TILL \u00c5RSM\u00d6TE 2026<br><br><\/strong>Reimers B\u00e5ts\u00e4llskap (RBS) kallar till \u00e5rsm\u00f6te 2026<br><strong>Onsdagen den 11 mars klockan 18:00<\/strong><br><strong>Plats<\/strong>: \u00c5ttingen<\/p>\n\n\n\n<p>Hitta till \u00c5ttingen med start vid bron till Reimersholme: G\u00e5 p\u00e5 Reimersholmsgatans v\u00e4nstra sida uppf\u00f6r backen. G\u00e5 in mellan tv\u00e5 gulm\u00e5lade lampf\u00f6rsedda pelare. Den \u00e5ttkantiga byggnaden \u00c5ttingen ligger d\u00e5 omedelbart till h\u00f6ger.<\/p>\n\n\n\n<p><strong><em>Efter m\u00f6tet bjuder vi p\u00e5 ost och chark, men OBS, medtag egen dryck!!<\/em><\/strong><\/p>\n\n\n\n<p><strong>F\u00f6rslag till dagordning f\u00f6r \u00e5rsm\u00f6tet<\/strong><br><br>1.&nbsp;\u00c5rsm\u00f6tets \u00f6ppnande<br>2.&nbsp;Fastst\u00e4llande av r\u00f6stl\u00e4ngd f\u00f6r m\u00f6tet<br>3.&nbsp;Fr\u00e5ga om m\u00f6tet \u00e4r beh\u00f6rigen utlyst<br>4.&nbsp;Fastst\u00e4llande av dagordning<br>5.&nbsp;Val av Ordf\u00f6rande och Sekreterare f\u00f6r m\u00f6tet<br>6.&nbsp;Val av protokolljusterare, tillika r\u00f6str\u00e4knare<br>7.&nbsp;F\u00f6redragning av styrelsens verksamhets- &amp; F\u00f6rvaltningsber\u00e4ttelse f\u00f6r verksamhets\u00e5ret<br>8.&nbsp;Revisorernas ber\u00e4ttelse<br>9.&nbsp;Fastst\u00e4llande av resultat- &amp; balansr\u00e4kning<br>10.&nbsp;Fr\u00e5ga om ansvarsfrihet f\u00f6r styrelsen<br>11.&nbsp;Propositioner och motioner<br>12.&nbsp;Fastst\u00e4llande av verksamhetsplan, avgifter och budget f\u00f6r det nya verksamhets\u00e5ret<br>13.&nbsp;Val av Ordf\u00f6rande och \u00f6vriga Styrelseledam\u00f6ter<br>14.&nbsp;Val av Revisorer<br>15.&nbsp;Val av Valberedning<br>16.&nbsp;Eventuella \u00f6vriga val<br>17.&nbsp;Beslut om ers\u00e4ttning till funktion\u00e4rer<br>18. Milj\u00f6<br>19.&nbsp;\u00c5rsm\u00f6tets avslutning<br><br><strong>HANDLINGAR:<\/strong><br>Aktuella dokument och underlag f\u00f6r beslut p\u00e5 \u00e5rsm\u00f6tet publiceras l\u00f6pande p\u00e5 hemsidan. H\u00e5ll dig uppdaterad p\u00e5 www.reimersbs.se<\/p>\n\n\n\n<p><strong><br>OM MOTIONER:<\/strong><br>Motionen ska vara RBS styrelse tillhanda senast 1 vecka efter mottagen kallelse till st\u00e4mma, i detta fall senast den senast den 18 februari 2026.&nbsp;<br>(enligt stadgarna 6.3, ska motionen skickas skriftligt till styrelsen med en f\u00f6rklaring till varf\u00f6r medlemmen vill ha \u00e4rendet behandlat.)<\/p>\n\n\n\n<p><strong>Hj\u00e4rtligt v\u00e4lkomna h\u00e4lsar Styrelsen i Reimers B\u00e5ts\u00e4llskap!<\/strong><br><br><\/p>\n\n\n\n<h3 class=\"wp-block-heading\">H\u00c4R HITTAR DU AKTUELLA DOKUMENT TILL \u00c5RSM\u00d6TET 2026:<\/h3>\n\n\n\n<div class=\"wp-block-file\"><a id=\"wp-block-file--media-06a3cf36-d90b-4472-a916-d8bc8d613567\" href=\"https:\/\/www.reimersbs.se\/wp-content\/uploads\/2026\/02\/Kallelse-RBS-Arsmotet-2026.pdf\">Kallelse-RBS-\u00c5rsm\u00f6tet-2026<\/a><a href=\"https:\/\/www.reimersbs.se\/wp-content\/uploads\/2026\/02\/Kallelse-RBS-Arsmotet-2026.pdf\" class=\"wp-block-file__button wp-element-button\" download aria-describedby=\"wp-block-file--media-06a3cf36-d90b-4472-a916-d8bc8d613567\">Ladda ner<\/a><\/div>\n\n\n\n<div class=\"wp-block-file\"><a id=\"wp-block-file--media-c3a6d12a-299b-4ac2-adf6-cb4d0412ebbb\" href=\"https:\/\/www.reimersbs.se\/wp-content\/uploads\/2026\/03\/Verksamhetsberattelse-RBS-2025-signerad.pdf\">Verksamhetsberattelse-RBS-2025-signerad<\/a><a href=\"https:\/\/www.reimersbs.se\/wp-content\/uploads\/2026\/03\/Verksamhetsberattelse-RBS-2025-signerad.pdf\" class=\"wp-block-file__button wp-element-button\" download aria-describedby=\"wp-block-file--media-c3a6d12a-299b-4ac2-adf6-cb4d0412ebbb\">Ladda ner<\/a><\/div>\n\n\n\n<div class=\"wp-block-file\"><a id=\"wp-block-file--media-36483dc6-76c5-4596-a2d6-d87ac60770b5\" href=\"https:\/\/www.reimersbs.se\/wp-content\/uploads\/2026\/02\/Proposition-RBS-2026.pdf\">Proposition-RBS-2026<\/a><a href=\"https:\/\/www.reimersbs.se\/wp-content\/uploads\/2026\/02\/Proposition-RBS-2026.pdf\" class=\"wp-block-file__button wp-element-button\" download aria-describedby=\"wp-block-file--media-36483dc6-76c5-4596-a2d6-d87ac60770b5\">Ladda ner<\/a><\/div>\n\n\n\n<div class=\"wp-block-file\"><a id=\"wp-block-file--media-e7b7a9bb-3635-4c18-8c24-e8855b0f42b3\" href=\"https:\/\/www.reimersbs.se\/wp-content\/uploads\/2026\/03\/Resultatrakning-REIMERS-BS-2026.pdf\">Resultatr\u00e4kning REIMERS BS 2026<\/a><a href=\"https:\/\/www.reimersbs.se\/wp-content\/uploads\/2026\/03\/Resultatrakning-REIMERS-BS-2026.pdf\" class=\"wp-block-file__button wp-element-button\" download aria-describedby=\"wp-block-file--media-e7b7a9bb-3635-4c18-8c24-e8855b0f42b3\">Ladda ner<\/a><\/div>\n\n\n\n<div class=\"wp-block-file\"><a id=\"wp-block-file--media-9c455451-f5bc-4272-af70-5ca56c98f1b4\" href=\"https:\/\/www.reimersbs.se\/wp-content\/uploads\/2026\/03\/Balansrakning-REIMERS-BS-2026.pdf\">Balansr\u00e4kning REIMERS BS 2026<\/a><a href=\"https:\/\/www.reimersbs.se\/wp-content\/uploads\/2026\/03\/Balansrakning-REIMERS-BS-2026.pdf\" class=\"wp-block-file__button wp-element-button\" download aria-describedby=\"wp-block-file--media-9c455451-f5bc-4272-af70-5ca56c98f1b4\">Ladda ner<\/a><\/div>\n\n\n\n<div class=\"wp-block-file\"><a id=\"wp-block-file--media-84afd3b5-eae8-402e-b2ae-9138b08c0561\" href=\"https:\/\/www.reimersbs.se\/wp-content\/uploads\/2026\/03\/Budgetforslag-REIMERS-BS-2026.pdf\">Budgetf\u00f6rslag REIMERS BS 2026<\/a><a href=\"https:\/\/www.reimersbs.se\/wp-content\/uploads\/2026\/03\/Budgetforslag-REIMERS-BS-2026.pdf\" class=\"wp-block-file__button wp-element-button\" download aria-describedby=\"wp-block-file--media-84afd3b5-eae8-402e-b2ae-9138b08c0561\">Ladda ner<\/a><\/div>\n\n\n\n<div class=\"wp-block-file\"><a id=\"wp-block-file--media-d67ed36c-f3e7-4657-9918-a53144faeed6\" href=\"https:\/\/www.reimersbs.se\/wp-content\/uploads\/2026\/03\/Valberedningens-forslag-2026.pdf\">Valberedningens-f\u00f6rslag-2026<\/a><a href=\"https:\/\/www.reimersbs.se\/wp-content\/uploads\/2026\/03\/Valberedningens-forslag-2026.pdf\" class=\"wp-block-file__button wp-element-button\" download aria-describedby=\"wp-block-file--media-d67ed36c-f3e7-4657-9918-a53144faeed6\">Ladda ner<\/a><\/div>\n\n\n\n<div class=\"wp-block-file\"><a id=\"wp-block-file--media-579327bb-0096-44ad-b3c3-3e4e71f909b1\" href=\"https:\/\/www.reimersbs.se\/wp-content\/uploads\/2026\/03\/2026-RBS-revisionsberattelse.pdf\">2026-RBS-revisionsberattelse<\/a><a href=\"https:\/\/www.reimersbs.se\/wp-content\/uploads\/2026\/03\/2026-RBS-revisionsberattelse.pdf\" class=\"wp-block-file__button wp-element-button\" download aria-describedby=\"wp-block-file--media-579327bb-0096-44ad-b3c3-3e4e71f909b1\">Ladda ner<\/a><\/div>\n","protected":false},"excerpt":{"rendered":"<p>H\u00e4r hittar du allt du beh\u00f6ver veta om \u00c5rsm\u00f6tet 2026. PROTOKOLL FR\u00c5N \u00c5RSM\u00d6TET 2026 \u00d6vriga dokument finner du l\u00e4ngre ner p\u00e5 denna sida. KALLELSE TILL \u00c5RSM\u00d6TE 2026 Reimers B\u00e5ts\u00e4llskap (RBS) kallar till \u00e5rsm\u00f6te 2026Onsdagen den 11 mars klockan 18:00Plats: \u00c5ttingen Hitta till \u00c5ttingen med start vid bron till Reimersholme: G\u00e5&#46;&#46;&#46; <a class=\"more-link\" href=\"https:\/\/www.reimersbs.se\/index.php\/arsmotet-2026\/\">L\u00e4s mer \u00bb<\/a><\/p>\n","protected":false},"author":1,"featured_media":0,"parent":0,"menu_order":0,"comment_status":"closed","ping_status":"closed","template":"","meta":{"footnotes":""},"class_list":["post-1917","page","type-page","status-publish","hentry"],"_links":{"self":[{"href":"https:\/\/www.reimersbs.se\/index.php\/wp-json\/wp\/v2\/pages\/1917","targetHints":{"allow":["GET"]}}],"collection":[{"href":"https:\/\/www.reimersbs.se\/index.php\/wp-json\/wp\/v2\/pages"}],"about":[{"href":"https:\/\/www.reimersbs.se\/index.php\/wp-json\/wp\/v2\/types\/page"}],"author":[{"embeddable":true,"href":"https:\/\/www.reimersbs.se\/index.php\/wp-json\/wp\/v2\/users\/1"}],"replies":[{"embeddable":true,"href":"https:\/\/www.reimersbs.se\/index.php\/wp-json\/wp\/v2\/comments?post=1917"}],"version-history":[{"count":23,"href":"https:\/\/www.reimersbs.se\/index.php\/wp-json\/wp\/v2\/pages\/1917\/revisions"}],"predecessor-version":[{"id":2001,"href":"https:\/\/www.reimersbs.se\/index.php\/wp-json\/wp\/v2\/pages\/1917\/revisions\/2001"}],"wp:attachment":[{"href":"https:\/\/www.reimersbs.se\/index.php\/wp-json\/wp\/v2\/media?parent=1917"}],"curies":[{"name":"wp","href":"https:\/\/api.w.org\/{rel}","templated":true}]}}