{"id":15,"date":"2015-05-16T07:40:42","date_gmt":"2015-05-16T05:40:42","guid":{"rendered":"http:\/\/www.reimersbs.se\/?page_id=15"},"modified":"2025-08-26T18:55:18","modified_gmt":"2025-08-26T16:55:18","slug":"avgifter","status":"publish","type":"page","link":"https:\/\/www.reimersbs.se\/index.php\/avgifter\/","title":{"rendered":"Avgifter"},"content":{"rendered":"<h2><strong>Avgifter 2025<\/strong><\/h2>\n<p><strong>Vid \u00e5rsm\u00f6tet 2025 fastst\u00e4lldes klubbens avgifter som g\u00e4ller fram\u00e5t tills annat beslut tas:<br \/>\nP\u00e5 grund av nya milj\u00f6regler h\u00f6jdes \u00e5rsavgiften med 50 kr till 650 kr\/\u00e5r \u00e5r 2024 och efter beslut av \u00e5rsm\u00f6tet kvarst\u00e5r h\u00f6jningen. \u00c5rsm\u00f6tet 2025 tog ocks\u00e5 beslut att h\u00f6ja avgiften f\u00f6r platser p\u00e5 Reimersbryggans insida till 1500 kr\/\u00e5r.<br \/>\n<\/strong><span style=\"font-size: revert; color: initial;\"><br \/>\n\u00c5rsavgift: <\/span><strong style=\"color: initial;\">650 kr<\/strong><span style=\"font-size: revert; color: initial;\"> &#8211; betalas av alla<br \/>\n<\/span><span style=\"font-size: revert; color: initial;\">Intr\u00e4desavgift: <\/span><strong style=\"color: initial;\">1000 kr<\/strong><span style=\"font-size: revert; color: initial;\"> &#8211; endast till nya medlemmar, (eng\u00e5ngsavgift)<br \/>\n<\/span><span style=\"font-size: revert; color: initial;\">Reimersbryggan stor y-bom plats 1-32: <\/span><strong style=\"color: initial;\">3000 kr<\/strong><span style=\"font-size: revert; color: initial;\"> &#8211; Upp till 2,70 m b\u00e5tbredd<br \/>\n<\/span><span style=\"font-size: revert; color: initial;\">Reimersbryggan liten y-bom plats 33-64: <\/span><strong style=\"color: initial;\">2500 kr<\/strong><span style=\"font-size: revert; color: initial;\"> \u00a0&#8211; Upp till 2,20 m b\u00e5tbredd<br \/>\n<\/span><span style=\"font-size: revert; color: initial;\">Reimersbryggan \u00a0bojplats 71-72: <\/span><strong style=\"color: initial;\">2200 kr<br \/>\n<\/strong><span style=\"color: initial; font-size: revert;\">Reimersbryggans insida plats 201-217: <\/span><strong style=\"color: initial;\">1500 kr<\/strong><span style=\"color: initial; font-size: revert;\"><br \/>\n<\/span><span style=\"color: initial; font-size: revert;\">Reimersbryggans tv\u00e4rponton: <\/span><strong style=\"color: initial;\">3000 kr<\/strong><\/p>\n<p><span style=\"font-size: revert; color: initial;\">Varvsbryggan plats 301-311: <\/span><strong style=\"color: initial;\">2200 kr<br \/>\n<\/strong><span style=\"font-size: revert; color: initial;\">Kanot\/ kanadensare: <\/span><strong style=\"color: initial;\">800 kr<\/strong><span style=\"font-size: revert; color: initial;\"> &#8211; Varvsplats hela \u00e5ret<br \/>\n<\/span><span style=\"font-size: revert; color: initial;\">Nyckeldeposition: <\/span><strong style=\"color: initial;\">500 kr<\/strong><\/p>\n<p><em style=\"color: initial;\">Obs, b\u00e5tplatserna \u00e4r till f\u00f6r att anv\u00e4ndas:<br \/>\n<\/em><em style=\"color: initial;\">Om medlem inte nyttjat sin b\u00e5tplats under tv\u00e5 efterf\u00f6ljande s\u00e4songer, s\u00e5 \u00e5terg\u00e5r platsen till k\u00f6n.<\/em><\/p>\n<p><strong style=\"color: initial;\">VARVSAVGIFTER f\u00f6r b\u00e5tar med plats p\u00e5 varvet:<br \/>\n<\/strong><span style=\"font-size: revert; color: initial;\">Kranbilsavgift: <\/span><strong style=\"color: initial;\">1850 kr\/ \u00e5r<\/strong><span style=\"font-size: revert; color: initial;\"> (f\u00f6r b\u00e5tar som g\u00e5r i och ur med kran)<br \/>\n<\/span><span style=\"font-size: revert; color: initial;\">B\u00e5tar som tas upp p\u00e5 varvet ska l\u00e4ggas p\u00e5 bockar. Trailer \u00e4r INTE till\u00e5tet.<\/span><\/p>\n<p><span style=\"font-size: revert; color: initial;\">Avgifter f\u00f6r plats p\u00e5 varvet betalas enligt yta:<\/span><\/p>\n<table border=\"0\" cellspacing=\"0\" cellpadding=\"0\">\n<tbody>\n<tr>\n<td width=\"151\"><strong>Yta i kvadratmeter<\/strong><\/td>\n<td valign=\"top\" width=\"151\"><strong>Avgift<\/strong><\/td>\n<\/tr>\n<tr>\n<td width=\"151\"><\/td>\n<td valign=\"top\" width=\"151\"><\/td>\n<\/tr>\n<tr>\n<td width=\"151\">0 upp till 6,5<\/td>\n<td valign=\"top\" width=\"151\">1400 kr<\/td>\n<\/tr>\n<tr>\n<td width=\"151\">6,51- 7,5<\/td>\n<td valign=\"top\" width=\"151\">1700\u00a0kr<\/td>\n<\/tr>\n<tr>\n<td width=\"151\">7,51-10,0<\/td>\n<td valign=\"top\" width=\"151\">1900 kr<\/td>\n<\/tr>\n<tr>\n<td width=\"151\">10,1-12,50<\/td>\n<td valign=\"top\" width=\"151\">2100 kr<\/td>\n<\/tr>\n<tr>\n<td width=\"151\">12,51-15,0<\/td>\n<td valign=\"top\" width=\"151\">2300 kr<\/td>\n<\/tr>\n<tr>\n<td width=\"151\">15,1 -17,50<\/td>\n<td valign=\"top\" width=\"151\">2500 kr<\/td>\n<\/tr>\n<tr>\n<td width=\"151\">17,51-20,0<\/td>\n<td valign=\"top\" width=\"151\">2700 kr<\/td>\n<\/tr>\n<tr>\n<td width=\"151\">20,1-22,50<\/td>\n<td valign=\"top\" width=\"151\">2900 kr<\/td>\n<\/tr>\n<tr>\n<td width=\"151\">22,51-25,0<\/td>\n<td valign=\"top\" width=\"151\">3100 kr<\/td>\n<\/tr>\n<tr>\n<td width=\"151\">25,1-27,0<\/td>\n<td valign=\"top\" width=\"151\">3300 kr<\/td>\n<\/tr>\n<tr>\n<td width=\"151\">Vinterliggare i sj\u00f6n<\/td>\n<td valign=\"top\" width=\"151\">2100 kr<\/td>\n<\/tr>\n<\/tbody>\n<\/table>\n<p>uppdaterat: Jan\/feb 2022<\/p>\n","protected":false},"excerpt":{"rendered":"<p>Avgifter 2025 Vid \u00e5rsm\u00f6tet 2025 fastst\u00e4lldes klubbens avgifter som g\u00e4ller fram\u00e5t tills annat beslut tas: P\u00e5 grund av nya milj\u00f6regler h\u00f6jdes \u00e5rsavgiften med 50 kr till 650 kr\/\u00e5r \u00e5r 2024 och efter beslut av \u00e5rsm\u00f6tet kvarst\u00e5r h\u00f6jningen. \u00c5rsm\u00f6tet 2025 tog ocks\u00e5 beslut att h\u00f6ja avgiften f\u00f6r platser p\u00e5 Reimersbryggans insida&#46;&#46;&#46; <a class=\"more-link\" href=\"https:\/\/www.reimersbs.se\/index.php\/avgifter\/\">L\u00e4s mer \u00bb<\/a><\/p>\n","protected":false},"author":1,"featured_media":0,"parent":0,"menu_order":0,"comment_status":"open","ping_status":"open","template":"","meta":{"footnotes":""},"class_list":["post-15","page","type-page","status-publish","hentry"],"_links":{"self":[{"href":"https:\/\/www.reimersbs.se\/index.php\/wp-json\/wp\/v2\/pages\/15","targetHints":{"allow":["GET"]}}],"collection":[{"href":"https:\/\/www.reimersbs.se\/index.php\/wp-json\/wp\/v2\/pages"}],"about":[{"href":"https:\/\/www.reimersbs.se\/index.php\/wp-json\/wp\/v2\/types\/page"}],"author":[{"embeddable":true,"href":"https:\/\/www.reimersbs.se\/index.php\/wp-json\/wp\/v2\/users\/1"}],"replies":[{"embeddable":true,"href":"https:\/\/www.reimersbs.se\/index.php\/wp-json\/wp\/v2\/comments?post=15"}],"version-history":[{"count":39,"href":"https:\/\/www.reimersbs.se\/index.php\/wp-json\/wp\/v2\/pages\/15\/revisions"}],"predecessor-version":[{"id":1673,"href":"https:\/\/www.reimersbs.se\/index.php\/wp-json\/wp\/v2\/pages\/15\/revisions\/1673"}],"wp:attachment":[{"href":"https:\/\/www.reimersbs.se\/index.php\/wp-json\/wp\/v2\/media?parent=15"}],"curies":[{"name":"wp","href":"https:\/\/api.w.org\/{rel}","templated":true}]}}