{"id":129,"date":"2015-05-16T17:24:14","date_gmt":"2015-05-16T15:24:14","guid":{"rendered":"http:\/\/www.reimersbs.se\/?page_id=129"},"modified":"2022-02-21T22:48:42","modified_gmt":"2022-02-21T21:48:42","slug":"medlemsadministration","status":"publish","type":"page","link":"https:\/\/www.reimersbs.se\/index.php\/medlemsadministration\/","title":{"rendered":"medlemsadministration &#8211; hemsidan"},"content":{"rendered":"<p><strong>H\u00e4r kan du som redan \u00e4r medlem i RBS, Reimers B\u00e5ts\u00e4llskap registrera dig som anv\u00e4ndare f\u00f6r hemsidan<\/strong><br \/>\nsamt \u00e4ndra ditt l\u00f6senord eller best\u00e4lla ett nytt om du gl\u00f6mt l\u00f6senordet. \u00c4r du redan inloggad s\u00e5 kan du h\u00e4r ocks\u00e5 uppdatera din medlemsprofil f\u00f6r hemsidans medlemsinloggning.<br \/>\nGenom att registrera dig p\u00e5 hemsidan ger du ditt samtycke till att l\u00e4mnade uppgifter f\u00e5r lagras och behandlas av Reimers B\u00e5ts\u00e4llskap. L\u00e4mnade uppgifter behandlas f\u00f6r att vi ska kunna verifiera dig som medlem.<br \/>\n<strong><em>Har du gl\u00f6mt ditt l\u00f6senord?<br \/>\nScrolla ner, under formul\u00e4ret f\u00f6r nyregistrering finns funktion f\u00f6r att best\u00e4lla nytt l\u00f6senord.<\/em><\/strong><\/p>\n<p><strong>OBS!<\/strong> <em>Funktionen f\u00f6r att uppdatera medlemsprofilen h\u00e4r g\u00e4ller enbart dina uppgifter n\u00e4r du anv\u00e4nder medlemssidorna, beh\u00f6ver du uppdatera din e-post, adress eller telefonnummer i sj\u00e4lva medlemsregistret, m\u00e5ste du kontakta n\u00e5gon i styrelsen.<\/em><\/p>\n<div id=\"wpmem_reg\"><a id=\"register\"><\/a><form name=\"form\" method=\"post\" action=\"https:\/\/www.reimersbs.se\/index.php\/medlemsadministration\/\" id=\"wpmem_register_form\" class=\"form\"><input type=\"hidden\" id=\"_wpmem_register_nonce\" name=\"_wpmem_register_nonce\" value=\"eb5dd78a89\" \/><input type=\"hidden\" name=\"_wp_http_referer\" value=\"\/index.php\/wp-json\/wp\/v2\/pages\/129\" \/><fieldset><legend>Ny anv\u00e4ndarregistrering<\/legend><label for=\"username\" class=\"text\">V\u00e4lj ett anv\u00e4ndarnamn<span class=\"req\">*<\/span><\/label><div class=\"div_text\"><input name=\"username\" type=\"text\" id=\"username\" value=\"\" class=\"textbox\" required  \/><\/div><label for=\"first_name\" class=\"text\">F\u00f6rnamn<span class=\"req\">*<\/span><\/label><div class=\"div_text\"><input name=\"first_name\" type=\"text\" id=\"first_name\" value=\"\" class=\"textbox\" required  \/><\/div><label for=\"last_name\" class=\"text\">Efternamn<span class=\"req\">*<\/span><\/label><div class=\"div_text\"><input name=\"last_name\" type=\"text\" id=\"last_name\" value=\"\" class=\"textbox\" required  \/><\/div><label for=\"addr2\" class=\"text\">Medlemsnummer<span class=\"req\">*<\/span><\/label><div class=\"div_text\"><input name=\"addr2\" type=\"text\" id=\"addr2\" value=\"\" class=\"textbox\" required  \/><\/div><label for=\"phone1\" class=\"text\">Telefon<span class=\"req\">*<\/span><\/label><div class=\"div_text\"><input name=\"phone1\" type=\"text\" id=\"phone1\" value=\"\" class=\"textbox\" required  \/><\/div><label for=\"user_email\" class=\"text\">E-post<span class=\"req\">*<\/span><\/label><div class=\"div_text\"><input name=\"user_email\" type=\"text\" id=\"user_email\" value=\"\" class=\"textbox\" required  \/><\/div><label for=\"confirm_email\" class=\"text\">Bekr\u00e4fta e-post<span class=\"req\">*<\/span><\/label><div class=\"div_text\"><input name=\"confirm_email\" type=\"text\" id=\"confirm_email\" value=\"\" class=\"textbox\" required  \/><\/div><label for=\"password\" class=\"text\">L\u00f6senord<span class=\"req\">*<\/span><\/label><div class=\"div_text\"><input name=\"password\" type=\"password\" id=\"password\" class=\"textbox\" required  \/><\/div><label for=\"confirm_password\" class=\"text\">Skriv l\u00f6senordet igen f\u00f6r att verifiera<span class=\"req\">*<\/span><\/label><div class=\"div_text\"><input name=\"confirm_password\" type=\"password\" id=\"confirm_password\" class=\"textbox\" required  \/><\/div><div class=\"div_text\"><input name=\"tos\" type=\"checkbox\" id=\"tos\" value=\"agree\" required  \/> <a href=\"#\" onClick=\"window.open('\/index.php\/wp-json\/wp\/v2\/pages\/129?tos=display','tos');\">TOS<\/a><span class=\"req\">*<\/span><\/div><div class=\"clear\"><\/div><div class=\"captcha\"><script src=\"https:\/\/www.google.com\/recaptcha\/api.js\" async defer><\/script><div class=\"g-recaptcha\" data-sitekey=\"6Le1kQYTAAAAALU75ly3oeLJIAiMi85UMBmmwaWc\"><\/div><\/div><input name=\"a\" type=\"hidden\" value=\"register\" \/><input name=\"wpmem_reg_page\" type=\"hidden\" value=\"https:\/\/www.reimersbs.se\/index.php\/medlemsadministration\/\" \/><div class=\"button_div\"><input name=\"submit\" type=\"submit\" value=\"Registrera\" class=\"buttons\" \/><\/div><div class=\"req-text\"><span class=\"req\">*<\/span>Obligatoriskt f\u00e4lt<\/div><\/fieldset><\/form><\/div>\n<h4><strong><br \/>\nOm du redan har registrerat dig, men gl\u00f6mt l\u00f6senord?<br \/>\n<em>(Om du \u00e4r inloggad, \u00e4ndras funktionen till &#8221;\u00e4ndra l\u00f6senord&#8221;.)<\/em><br \/>\n<\/strong><br \/>\n<div id=\"wpmem_login\"><a id=\"pwdreset\"><\/a><form action=\"https:\/\/www.reimersbs.se\/index.php\/medlemsadministration\/\" method=\"POST\" id=\"wpmem_pwdreset_form\" class=\"form\"><input type=\"hidden\" id=\"_wpmem_pwdreset_nonce\" name=\"_wpmem_pwdreset_nonce\" value=\"21e9eeeedc\" \/><input type=\"hidden\" name=\"_wp_http_referer\" value=\"\/index.php\/wp-json\/wp\/v2\/pages\/129\" \/><fieldset><legend>\u00c5terst\u00e4ll gl\u00f6mt l\u00f6senord<\/legend><label for=\"user\">Anv\u00e4ndarnamn eller e-post<\/label><div class=\"div_text\"><input name=\"user\" type=\"text\" id=\"user\" value=\"\" class=\"username\" required  \/><\/div><input name=\"a\" type=\"hidden\" value=\"pwdreset\" \/><input name=\"redirect_to\" type=\"hidden\" value=\"\/index.php\/wp-json\/wp\/v2\/pages\/129\" \/><input name=\"formsubmit\" type=\"hidden\" value=\"1\" \/><div class=\"button_div\"><input type=\"submit\" name=\"Submit\" value=\"\u00c5terst\u00e4ll l\u00f6senord\" class=\"buttons\" \/><\/div><div class=\"link-text\"><span class=\"link-text-username\">Gl\u00f6mt anv\u00e4ndarnamn?&nbsp;<a href=\"https:\/\/www.reimersbs.se\/index.php\/losenord\/?a=getusername\">Klicka h\u00e4r<\/a><\/span><\/div><\/fieldset><\/form><\/div><\/h4>\n","protected":false},"excerpt":{"rendered":"<p>H\u00e4r kan du som redan \u00e4r medlem i RBS, Reimers B\u00e5ts\u00e4llskap registrera dig som anv\u00e4ndare f\u00f6r hemsidan samt \u00e4ndra ditt l\u00f6senord eller best\u00e4lla ett nytt om du gl\u00f6mt l\u00f6senordet. \u00c4r du redan inloggad s\u00e5 kan du h\u00e4r ocks\u00e5 uppdatera din medlemsprofil f\u00f6r hemsidans medlemsinloggning. Genom att registrera dig p\u00e5 hemsidan&#46;&#46;&#46; <a class=\"more-link\" href=\"https:\/\/www.reimersbs.se\/index.php\/medlemsadministration\/\">L\u00e4s mer \u00bb<\/a><\/p>\n","protected":false},"author":1,"featured_media":0,"parent":0,"menu_order":0,"comment_status":"open","ping_status":"open","template":"","meta":{"footnotes":""},"class_list":["post-129","page","type-page","status-publish","hentry"],"_links":{"self":[{"href":"https:\/\/www.reimersbs.se\/index.php\/wp-json\/wp\/v2\/pages\/129","targetHints":{"allow":["GET"]}}],"collection":[{"href":"https:\/\/www.reimersbs.se\/index.php\/wp-json\/wp\/v2\/pages"}],"about":[{"href":"https:\/\/www.reimersbs.se\/index.php\/wp-json\/wp\/v2\/types\/page"}],"author":[{"embeddable":true,"href":"https:\/\/www.reimersbs.se\/index.php\/wp-json\/wp\/v2\/users\/1"}],"replies":[{"embeddable":true,"href":"https:\/\/www.reimersbs.se\/index.php\/wp-json\/wp\/v2\/comments?post=129"}],"version-history":[{"count":24,"href":"https:\/\/www.reimersbs.se\/index.php\/wp-json\/wp\/v2\/pages\/129\/revisions"}],"predecessor-version":[{"id":1051,"href":"https:\/\/www.reimersbs.se\/index.php\/wp-json\/wp\/v2\/pages\/129\/revisions\/1051"}],"wp:attachment":[{"href":"https:\/\/www.reimersbs.se\/index.php\/wp-json\/wp\/v2\/media?parent=129"}],"curies":[{"name":"wp","href":"https:\/\/api.w.org\/{rel}","templated":true}]}}