{"id":991,"date":"2022-06-15T16:17:34","date_gmt":"2022-06-15T14:17:34","guid":{"rendered":"http:\/\/www.reimersbs.se\/?page_id=991"},"modified":"2025-09-06T13:03:52","modified_gmt":"2025-09-06T11:03:52","slug":"tillgang-till-langholmens-ramp-for-dig-som-medlem","status":"publish","type":"page","link":"http:\/\/www.reimersbs.se\/index.php\/tillgang-till-langholmens-ramp-for-dig-som-medlem\/","title":{"rendered":"Tillg\u00e5ng till L\u00e5ngholmens ramp f\u00f6r dig som medlem"},"content":{"rendered":"Du m\u00e5ste vara inloggad f\u00f6r att visa detta inneh\u00e5ll.","protected":false},"excerpt":{"rendered":"Du m\u00e5ste vara inloggad f\u00f6r att visa detta inneh\u00e5ll.","protected":false},"author":1,"featured_media":0,"parent":0,"menu_order":0,"comment_status":"closed","ping_status":"closed","template":"","meta":{"footnotes":""},"class_list":["post-991","page","type-page","status-publish","hentry"],"_links":{"self":[{"href":"http:\/\/www.reimersbs.se\/index.php\/wp-json\/wp\/v2\/pages\/991","targetHints":{"allow":["GET"]}}],"collection":[{"href":"http:\/\/www.reimersbs.se\/index.php\/wp-json\/wp\/v2\/pages"}],"about":[{"href":"http:\/\/www.reimersbs.se\/index.php\/wp-json\/wp\/v2\/types\/page"}],"author":[{"embeddable":true,"href":"http:\/\/www.reimersbs.se\/index.php\/wp-json\/wp\/v2\/users\/1"}],"replies":[{"embeddable":true,"href":"http:\/\/www.reimersbs.se\/index.php\/wp-json\/wp\/v2\/comments?post=991"}],"version-history":[{"count":3,"href":"http:\/\/www.reimersbs.se\/index.php\/wp-json\/wp\/v2\/pages\/991\/revisions"}],"predecessor-version":[{"id":1809,"href":"http:\/\/www.reimersbs.se\/index.php\/wp-json\/wp\/v2\/pages\/991\/revisions\/1809"}],"wp:attachment":[{"href":"http:\/\/www.reimersbs.se\/index.php\/wp-json\/wp\/v2\/media?parent=991"}],"curies":[{"name":"wp","href":"https:\/\/api.w.org\/{rel}","templated":true}]}}