{"id":82,"date":"2015-05-16T10:03:11","date_gmt":"2015-05-16T08:03:11","guid":{"rendered":"http:\/\/www.reimersbs.se\/?page_id=82"},"modified":"2024-05-23T17:56:02","modified_gmt":"2024-05-23T15:56:02","slug":"klubbprylar","status":"publish","type":"page","link":"http:\/\/www.reimersbs.se\/index.php\/klubbprylar\/","title":{"rendered":"Klubbprylar"},"content":{"rendered":"Du m\u00e5ste vara inloggad f\u00f6r att visa detta inneh\u00e5ll.","protected":false},"excerpt":{"rendered":"Du m\u00e5ste vara inloggad f\u00f6r att visa detta inneh\u00e5ll.","protected":false},"author":1,"featured_media":0,"parent":0,"menu_order":0,"comment_status":"open","ping_status":"open","template":"","meta":{"footnotes":""},"class_list":["post-82","page","type-page","status-publish","hentry"],"_links":{"self":[{"href":"http:\/\/www.reimersbs.se\/index.php\/wp-json\/wp\/v2\/pages\/82","targetHints":{"allow":["GET"]}}],"collection":[{"href":"http:\/\/www.reimersbs.se\/index.php\/wp-json\/wp\/v2\/pages"}],"about":[{"href":"http:\/\/www.reimersbs.se\/index.php\/wp-json\/wp\/v2\/types\/page"}],"author":[{"embeddable":true,"href":"http:\/\/www.reimersbs.se\/index.php\/wp-json\/wp\/v2\/users\/1"}],"replies":[{"embeddable":true,"href":"http:\/\/www.reimersbs.se\/index.php\/wp-json\/wp\/v2\/comments?post=82"}],"version-history":[{"count":5,"href":"http:\/\/www.reimersbs.se\/index.php\/wp-json\/wp\/v2\/pages\/82\/revisions"}],"predecessor-version":[{"id":1549,"href":"http:\/\/www.reimersbs.se\/index.php\/wp-json\/wp\/v2\/pages\/82\/revisions\/1549"}],"wp:attachment":[{"href":"http:\/\/www.reimersbs.se\/index.php\/wp-json\/wp\/v2\/media?parent=82"}],"curies":[{"name":"wp","href":"https:\/\/api.w.org\/{rel}","templated":true}]}}