{"id":26,"date":"2015-05-16T08:01:24","date_gmt":"2015-05-16T06:01:24","guid":{"rendered":"http:\/\/www.reimersbs.se\/?page_id=26"},"modified":"2025-09-06T12:21:31","modified_gmt":"2025-09-06T10:21:31","slug":"stadgar","status":"publish","type":"page","link":"http:\/\/www.reimersbs.se\/index.php\/stadgar\/","title":{"rendered":"Stadgar"},"content":{"rendered":"<p><em>Stockholm februari 2025.<\/em><\/p>\n<h3><strong>STADGAR<\/strong>\u00a0<strong>F\u00d6R<\/strong><br \/><strong><em>REIMERS B\u00c5TS\u00c4LLSKAP<\/em><\/strong><\/h3>\n<p><strong>S\u00e4llskapet bildades 1944 och har sin hemort i Stockholm<\/strong><\/p>\n<p><strong>Stadgarna antogs ursprungligen 1945, till\u00e4gg och omredigeringar har antagits 1950, 1981 och 1997 samt 2010 och 2025, d\u00e5 med utg\u00e5ngspunkt fr\u00e5n Svenska B\u00e5tunionens ramstadgar<\/strong><br \/><strong>___________________________________________________________________________<\/strong><\/p>\n<p><strong>\u00a7 1\u00a0\u00a0\u00a0\u00a0\u00a0\u00a0\u00a0\u00a0\u00a0\u00a0\u00a0 \u00c4ndam\u00e5l<\/strong><\/p>\n<p>S\u00e4llskapet \u00e4r en allm\u00e4nnyttig ideell f\u00f6rening och har till \u00e4ndam\u00e5l att fr\u00e4mja medlemmarnas intressen i det lokala b\u00e5tlivet. S\u00e4llskapet skall verka f\u00f6r god sj\u00f6s\u00e4kerhet, god milj\u00f6 samt ett gott kamrat- och sj\u00f6manskap.<\/p>\n<p><strong>\u00a7 2\u00a0\u00a0\u00a0\u00a0\u00a0\u00a0\u00a0\u00a0\u00a0\u00a0\u00a0 Medlemskap<\/strong><br \/><strong>2.1\u00a0\u00a0\u00a0\u00a0\u00a0\u00a0\u00a0\u00a0\u00a0\u00a0\u00a0\u00a0\u00a0\u00a0\u00a0 Ans\u00f6kan och antagning\u00a0<\/strong><br \/>Ans\u00f6kan om medlemskap skall ske skriftligt till styrelsen, vilken beslutar om antagning av ny medlem.<br \/>Medlemskap kan beviljas den som ansluter sig till klubbens \u00e4ndam\u00e5l.<br \/>Styrelsen skall upplysa den som s\u00f6ker medlemskap om att s\u00e4llskapets b\u00e5tplatser och slip ger vissa begr\u00e4nsningar n\u00e4r det g\u00e4ller b\u00e5tars typ, storlek och vikt.<\/p>\n<p><strong>2.2\u00a0\u00a0\u00a0\u00a0\u00a0\u00a0\u00a0\u00a0\u00a0\u00a0\u00a0\u00a0\u00a0\u00a0\u00a0 Medlemskategorier\u00a0<\/strong><br \/>S\u00e4llskapet har endast kategorin enskild medlem.<\/p>\n<p><strong>2.3\u00a0\u00a0\u00a0\u00a0\u00a0\u00a0\u00a0\u00a0\u00a0\u00a0\u00a0\u00a0\u00a0\u00a0\u00a0 Medlems r\u00e4ttigheter<\/strong><br \/>Medlem f\u00e5r utnyttja klubbens anl\u00e4ggningar och utrustning samt delta i s\u00e4llskapets verksamhet.<br \/>Medlemskap ber\u00e4ttigar i sig inte till plats i av s\u00e4llskapet disponerad hamn- eller uppl\u00e4ggnings\u00adanl\u00e4ggning.\u00a0 Se vidare \u00a7 11.<\/p>\n<p><strong>2.4\u00a0\u00a0\u00a0\u00a0\u00a0\u00a0\u00a0\u00a0\u00a0\u00a0\u00a0\u00a0\u00a0\u00a0\u00a0 Medlems skyldigheter<\/strong><br \/>Medlem som antagits, har genom intr\u00e4desans\u00f6kan f\u00f6rbundit sig att f\u00f6lja s\u00e4llskapets stadgar, ordnings\u00adregler och i stadgeenlig ordning fattade beslut.<br \/>Medlem skall till\u00e4gna sig tillr\u00e4cklig nautisk kompetens f\u00f6r att s\u00e4kert kunna framf\u00f6ra sin b\u00e5t.<br \/>Medlem som avsiktligt eller genom bristande aktsamhet skadar s\u00e4llskapets tillh\u00f6righeter \u00e4r ers\u00e4tt\u00adningsskyldig.<br \/>Medlem skall utf\u00f6ra av styrelsen beordrad arbetsplikt.<br \/>Medlems b\u00e5t skall vara f\u00f6rs\u00e4krad, ansvars\u00adf\u00f6rs\u00e4kring skall ing\u00e5.<\/p>\n<p><strong>2.5\u00a0\u00a0\u00a0\u00a0\u00a0\u00a0\u00a0\u00a0\u00a0\u00a0\u00a0\u00a0\u00a0\u00a0\u00a0 Medlems uttr\u00e4de<\/strong><br \/>Medlem som vill uttr\u00e4da ur s\u00e4llskapet skall skriftligen anm\u00e4la detta till styrelsen.<br \/>Medlem som inte erlagt fastst\u00e4llda avgifter inom f\u00f6reskriven tid kan, efter styrelsens pr\u00f6vning, anses ha uttr\u00e4tt ur klubben.<\/p>\n<p><strong>2.6\u00a0\u00a0\u00a0\u00a0\u00a0\u00a0\u00a0\u00a0\u00a0\u00a0\u00a0\u00a0\u00a0\u00a0\u00a0 Medlems uteslutning<\/strong><br \/>P\u00e5 styrelsens f\u00f6rslag kan medlem av \u00e5rsm\u00f6te eller extra m\u00f6te uteslutas ur s\u00e4llskapet om medlem<br \/>\u2022\u00a0 motverkar s\u00e4llskapets syften<br \/>\u2022\u00a0 skadar s\u00e4llskapets intressen<br \/>\u2022\u00a0 inte fullg\u00f6r de skyldigheter som \u00e4r stadgade<br \/>\u2022\u00a0 eller g\u00f6r sig skyldig till s\u00e5dant klanderv\u00e4rt handlingss\u00e4tt eller upptr\u00e4dande inom eller utom s\u00e4llskapet att dess anseende \u00e4ventyras.<br \/>F\u00f6r s\u00e5dant beslut fordras minst 2\/3 majoritet. Av kallelsen till m\u00f6tet skall framg\u00e5 att ett uteslut\u00adnings\u00ad\u00e4rende skall behandlas.<br \/>Till m\u00f6tet skall medlemmen som \u00e4r f\u00f6reslagen att uteslutas kallas skriftligen. Denna kallelse skall \u00e4ven inneh\u00e5lla styrelsens motivering till uteslutningen.<br \/>*<span style=\"font-size: revert;\">Medlem som uteslutits av f\u00f6reningsm\u00f6te kan kontakta sitt b\u00e5tf\u00f6rbund, SMBF f\u00f6r juridisk r\u00e5dgivning.<br \/><\/span><em><strong>*fotnot 2025, Stadge\u00e4ndring antagen av \u00e5rsm\u00f6tet 2025<\/strong><\/em><em>\u00a0&#8211; <a href=\"http:\/\/www.reimersbs.se\/index.php\/batforbundet-andrar-sina-stadgar\/\">l\u00e4s mer h\u00e4r &#8211; &#8211; &gt;<\/a><\/em><\/p>\n<p><strong>\u00a7 3\u00a0\u00a0\u00a0\u00a0\u00a0\u00a0\u00a0\u00a0\u00a0\u00a0\u00a0 Beslutande instanser<\/strong><br \/>S\u00e4llskapets beslutande instanser \u00e4r \u00e5rsm\u00f6te och extra m\u00f6te (kallas sammantagna f\u00f6r \u201df\u00f6renings\u00adm\u00f6ten\u201d) samt styrelse.<br \/>Styrelsen i sin helhet, eller enskild ledamot som styrelsen utser, f\u00f6retr\u00e4der s\u00e4llskapet och fattar beslut mellan f\u00f6reningsm\u00f6ten utom i fr\u00e5gor som \u00e4r uttryckligen f\u00f6rbeh\u00e5llna \u00e5rsm\u00f6ten. Se \u00a7 6.<\/p>\n<p><strong>\u00a7 4\u00a0\u00a0\u00a0\u00a0\u00a0\u00a0\u00a0\u00a0\u00a0\u00a0\u00a0 Verksamhets\u00e5r<\/strong><br \/>S\u00e4llskapets verksamhets\u00e5r omfattar perioden 1\/1 \u2013 31\/12.<\/p>\n<p><strong>\u00a7 5\u00a0\u00a0\u00a0\u00a0\u00a0\u00a0\u00a0\u00a0\u00a0\u00a0\u00a0 Avgifter och betalning<\/strong><br \/>Samtliga avgifter till s\u00e4llskapet fastst\u00e4lls av \u00e5rsm\u00f6tet.<br \/>Extra uttaxering kan ske efter beslut p\u00e5 extra m\u00f6te.<br \/>Avgifterna skall vara s\u00e4llskapet tillhanda inom 30 dagar fr\u00e5n fakturadatum.<br \/>Om avgifterna inte inkommit i tid skall p\u00e5minnelsefaktura skickas, en p\u00e5minnelseavgift kan d\u00e5 l\u00e4ggas till det ursprungliga beloppet.<\/p>\n<p><strong>\u00a7 6\u00a0\u00a0\u00a0\u00a0\u00a0\u00a0\u00a0\u00a0\u00a0\u00a0\u00a0 M\u00f6ten<\/strong><br \/><strong>6.1\u00a0\u00a0\u00a0\u00a0\u00a0\u00a0\u00a0\u00a0\u00a0\u00a0\u00a0\u00a0\u00a0\u00a0\u00a0 Antal m\u00f6ten<\/strong><br \/>F\u00f6rutom \u00e5rsm\u00f6te kan s\u00e4llskapet anordna extra m\u00f6ten. Styrelsen best\u00e4mmer tid och plats f\u00f6r m\u00f6tena.<\/p>\n<p><strong>6.2\u00a0\u00a0\u00a0\u00a0\u00a0\u00a0\u00a0\u00a0\u00a0\u00a0\u00a0\u00a0\u00a0\u00a0\u00a0 Kallelse<\/strong><br \/>Kallelse till f\u00f6reningsm\u00f6te skall ske skriftligen och vara medlemmen tillhanda minst 14 dagar f\u00f6re m\u00f6tet.<br \/>Kallelsen sker per post eller, till den som s\u00e5 \u00f6nskar, via e-post.<\/p>\n<p><strong>6.3\u00a0\u00a0\u00a0\u00a0\u00a0\u00a0\u00a0\u00a0\u00a0\u00a0\u00a0\u00a0\u00a0\u00a0\u00a0 Motion \/ f\u00f6rslag till punkt p\u00e5 dagordning\u00a0<\/strong><br \/>Medlem som vill ha s\u00e4rskilt \u00e4rende behandlat p\u00e5 f\u00f6reningsm\u00f6te skall, senast en vecka efter att kallelse till m\u00f6tet g\u00e5tt ut, skriftligen anm\u00e4la detta till styrelsen. Denna anm\u00e4lan skall \u00e4ven inneh\u00e5lla en f\u00f6rklaring till varf\u00f6r medlemmen vill ha \u00e4rendet behandlat.<\/p>\n<p><strong>6.4\u00a0\u00a0\u00a0\u00a0\u00a0\u00a0\u00a0\u00a0\u00a0\u00a0\u00a0\u00a0\u00a0\u00a0\u00a0 \u00c5rsm\u00f6te<\/strong><br \/>\u00c5rsm\u00f6te h\u00e5lls varje \u00e5r f\u00f6re utg\u00e5ngen av maj m\u00e5nad.<br \/>Vid \u00e5rsm\u00f6te skall f\u00f6ljande \u00e4renden behandlas och protokollf\u00f6ras:<\/p>\n<ul>\n<li>Fastst\u00e4llande av r\u00f6stl\u00e4ngd f\u00f6r m\u00f6tet<\/li>\n<li>Fr\u00e5ga om m\u00f6tet \u00e4r beh\u00f6rigen utlyst<\/li>\n<li>Fastst\u00e4llande av dagordning<\/li>\n<li>Val av ordf\u00f6rande och sekreterare f\u00f6r m\u00f6tet<\/li>\n<li>Val av protokolljusterare och r\u00f6str\u00e4knare<\/li>\n<li>F\u00f6redragning av styrelsens verksamhets- och f\u00f6rvaltningsber\u00e4ttelse f\u00f6r verksamhets\u00e5ret<\/li>\n<li>Revisorernas ber\u00e4ttelse<\/li>\n<li>Fastst\u00e4llande av resultat- och balansr\u00e4kning<\/li>\n<li>Fr\u00e5ga om ansvarsfrihet f\u00f6r styrelsen<\/li>\n<li>Propositioner och motioner<\/li>\n<li>Fastst\u00e4llande av verksamhetsplan, avgifter och budget f\u00f6r det nya verksamhets\u00e5ret<\/li>\n<li>Val av ordf\u00f6rande och \u00f6vriga styrelseledam\u00f6ter<\/li>\n<li>Val av revisorer<\/li>\n<li>Val av valberedning<\/li>\n<li>Ev. \u00f6vriga val<\/li>\n<li>Beslut om ers\u00e4ttning till funktion\u00e4rer<\/li>\n<\/ul>\n<p><strong>6.5\u00a0\u00a0\u00a0\u00a0\u00a0\u00a0\u00a0\u00a0\u00a0\u00a0\u00a0\u00a0\u00a0\u00a0\u00a0 Extra m\u00f6te<\/strong><br \/>Extra f\u00f6reningsm\u00f6te f\u00f6r behandling av br\u00e5dskande \u00e4rende h\u00e5lls n\u00e4r styrelsen finner detta p\u00e5kallat eller p\u00e5 skriftlig beg\u00e4ran av revisorer eller minst en sj\u00e4ttedel av s\u00e4llskapets medlemmar.<br \/>Styrelsen skall inom 14 dagar efter s\u00e5dan beg\u00e4ran kalla till extra m\u00f6te.<br \/>Vid extra m\u00f6te f\u00e5r endast f\u00f6rekomma de \u00e4renden som f\u00f6ranlett m\u00f6tet.<\/p>\n<p><strong>6.6\u00a0\u00a0\u00a0\u00a0\u00a0\u00a0\u00a0\u00a0\u00a0\u00a0\u00a0\u00a0\u00a0\u00a0\u00a0 R\u00f6str\u00e4tt, beslut och val<\/strong><br \/>Varje medlem som fyllt 16 \u00e5r och betalat g\u00e4llande avgifter har r\u00f6str\u00e4tt p\u00e5 m\u00f6te.<br \/>Beslut f\u00e5r endast fattas i \u00e4renden som framg\u00e5r av kallelsen.<br \/>R\u00f6str\u00e4tten \u00e4r personlig men f\u00e5r ut\u00f6vas genom ombud med skriftlig fullmakt f\u00f6r en (1) annan medlem.<br \/>Alla \u00e4renden avg\u00f6rs med enkel majoritet d\u00e4r inte annat f\u00f6reskrivs i dessa stadgar.<br \/>Avg\u00f6rande sker genom \u00f6ppen omr\u00f6stning utom d\u00e5 n\u00e5gon fordrar sluten r\u00f6stning.<br \/>Vid omr\u00f6stning som inte avser personval g\u00e4ller vid lika r\u00f6stetal det f\u00f6rslag som bitr\u00e4ds av ordf\u00f6randen f\u00f6r m\u00f6tet.<br \/>Vid omr\u00f6stning som avser personval g\u00e4ller vid lika r\u00f6stetal det f\u00f6rslag som vinner efter lottning.<\/p>\n<p><strong>\u00a7 7\u00a0\u00a0\u00a0\u00a0\u00a0\u00a0\u00a0\u00a0\u00a0\u00a0\u00a0 Styrelse och f\u00f6rvaltning<\/strong><br \/><strong>7.1\u00a0\u00a0\u00a0\u00a0\u00a0\u00a0\u00a0\u00a0\u00a0\u00a0\u00a0\u00a0\u00a0\u00a0\u00a0 Styrelsens sammans\u00e4ttning och val<\/strong><br \/>Styrelsen v\u00e4ljs p\u00e5 \u00e5rsm\u00f6te och skall best\u00e5 av ordf\u00f6rande och ytterligare minst fem, h\u00f6gst sju leda\u00adm\u00f6ter.<br \/>Styrelsen beslutar inom sig vilka som, f\u00f6rutom ordf\u00f6randen, skall tilldelas vilka styrelseposter.<br \/>Styrelseledamot v\u00e4ljs f\u00f6r en tid av tv\u00e5 \u00e5r. Vid valet skall kontinui\u00adteten beaktas, kortare mandattid kan till\u00e4mpas vid behov.<br \/>S\u00e4llskapet har inte styrelsesuppleanter. Om styrelsen tappar flera ledam\u00f6ter under l\u00f6pande verksam\u00adhets\u00e5r, f\u00e5r styrelsen kalla till extra m\u00f6te f\u00f6r fyllnadsval.<br \/>Kandidater till styrelsen utses bland medlemmar som f\u00f6rklarat sig villiga. Finns flera kandidater \u00e4n antalet befattningar som skall tills\u00e4ttas sker omr\u00f6stning, varvid de \u00e4r valda som i tur och ordning f\u00e5tt h\u00f6gsta r\u00f6stetal.<\/p>\n<p><strong>7.2\u00a0\u00a0\u00a0\u00a0\u00a0\u00a0\u00a0\u00a0\u00a0\u00a0\u00a0\u00a0\u00a0\u00a0\u00a0 Styrelsens skyldigheter och beslut<\/strong><br \/>Styrelsen sammantr\u00e4der p\u00e5 ordf\u00f6randens kallelse s\u00e5 ofta det \u00e4r n\u00f6dv\u00e4ndigt, dock\u00a0minst sex g\u00e5nger per \u00e5r.<br \/>Styrelsen \u00e4r beslutsm\u00e4ssig d\u00e5 alla ledam\u00f6ter \u00e4r kallade och mer \u00e4n h\u00e4lften \u00e4r n\u00e4rvarande.<br \/>F\u00f6r av styrelsen fattade beslut \u00e4r de ansvariga som deltagit i beslutet och inte reserverat sig. Reser\u00advation skall antecknas i m\u00f6tesprotokollet.<br \/>Alla \u00e4renden avg\u00f6rs med \u00f6ppen omr\u00f6stning och enkel majoritet. Om n\u00e5gon ledamot \u00f6nskar sluten omr\u00f6stning skall s\u00e5dan ske. Vid lika r\u00f6stetal \u00e4ger ordf\u00f6randen utslagsr\u00f6st.<br \/>Styrelseledamot, som utan v\u00e4gande sk\u00e4l \u00e4r fr\u00e5nvarande under tre p\u00e5 varandra f\u00f6ljande samman\u00adtr\u00e4den, anses ha uttr\u00e4tt ur styrelsen.<br \/>Det \u00e5ligger styrelsen gemensamt att:<\/p>\n<ul>\n<li>Verkst\u00e4lla beslut fattade av f\u00f6reningsm\u00f6te.<\/li>\n<li>F\u00f6rdela arbetsuppgifterna inom styrelsen, och till \u00f6vriga funktion\u00e4rer. F\u00f6rdelningen skall dokumen\u00adteras i form av arbetsbeskrivning och f\u00f6rvaras hos sekreteraren<em>.<\/em><\/li>\n<li>Bereda \u00e4renden inf\u00f6r f\u00f6reningsm\u00f6ten och arrangera dessa.<\/li>\n<li>Representera s\u00e4llskapet.<\/li>\n<li>F\u00f6rvalta s\u00e4llskapets egendom och medel.<\/li>\n<li>Besluta om firmatecknare.<\/li>\n<li>Besluta om antagning av ny medlem.<\/li>\n<li>P\u00e5 f\u00f6reningsm\u00f6ten f\u00f6redra av styrelsen fattade beslut.<\/li>\n<li>F\u00f6ra register \u00f6ver medlemmar, medlemmars b\u00e5tar, brygg- och varvsplatser, k\u00f6er till bryggor och varv samt avgifter.<\/li>\n<li>V\u00e5rda inneh\u00e5llet i s\u00e4llskapets hemsida.<\/li>\n<\/ul>\n<p>Inom styrelsen f\u00f6rdelas \u00f6vriga huvuduppgifter p\u00e5 f\u00f6ljande s\u00e4tt:<br \/>Ordf\u00f6randen\u00a0skall opartiskt leda f\u00f6rhandlingarna vid s\u00e5v\u00e4l styrelsens som s\u00e4llskapets m\u00f6ten, jus\u00ad\u00ad\u00ad\u00adte\u00adra protokoll och se till att beslut verkst\u00e4lls och att stadgarna efterlevs.<br \/>Sekreteraren\u00a0skall sk\u00f6ta s\u00e4llskapets korrespondens, utf\u00e4rda kallelser till m\u00f6ten och vid dessa f\u00f6ra noggranna protokoll samt underteckna l\u00f6pande \u00e4renden.<br \/>Kass\u00f6ren\u00a0skall uppb\u00e4ra avgifter, ansvara f\u00f6r s\u00e4llskapets kassa, giro och bankkonto samt d\u00e4r\u00f6ver f\u00f6ra noggranna r\u00e4kenskaper, uppr\u00e4tta och f\u00f6r s\u00e4llskapet redovisa ekonomisk \u00e5rsrapport samt meddela styrelsen om medlem f\u00f6rsummar sina ekonomiska skyldigheter till s\u00e4llskapet. Kass\u00f6ren \u00e4ger inte r\u00e4tt att g\u00f6ra utbetalningar, som inte godk\u00e4nts av styrelsen eller klubben.<br \/>Hamnkapten och varvschef\u00a0skall leda arbetet vid s\u00e4llskapets hamn och varv, f\u00f6rdela hamn- och varvs\u00adplatser samt vara s\u00e4llskapets materialf\u00f6rvaltare. Hamnkapten och varvschef skall se till att s\u00e4llskapets ordningsregler f\u00f6r hamn och varv efterlevs.<\/p>\n<p><strong>\u00a7 8\u00a0\u00a0\u00a0\u00a0\u00a0\u00a0\u00a0\u00a0\u00a0\u00a0\u00a0 Revisorer<\/strong><br \/>Tv\u00e5 ordinarie revisorer samt en suppleant v\u00e4ljs p\u00e5 ett \u00e5r vid \u00e5rsm\u00f6tet.<br \/>Revisorerna skall granska styrelsens f\u00f6rvaltning och klubbens r\u00e4kenskaper samt till \u00e5rsm\u00f6tet avge skriftlig revisionsber\u00e4ttelse och till- eller avstyrka ansvarsfrihet.<br \/>F\u00f6rekommer fel i r\u00e4kenskaperna eller f\u00f6rvaltningen och detta f\u00f6rtigs av revisorerna, drabbar dem samma ansvar som styrelsen.<br \/>Revisorerna har r\u00e4tt att fortl\u00f6pande ta del av klubbens r\u00e4kenskaper, styrelseprotokoll och \u00f6vriga handlingar.<\/p>\n<p><strong>\u00a7 9\u00a0\u00a0\u00a0\u00a0\u00a0\u00a0\u00a0\u00a0\u00a0\u00a0\u00a0 Valberedning<\/strong><br \/>Valberedningen best\u00e5r av minst tv\u00e5 ledam\u00f6ter, varav en sammankallande, och v\u00e4ljs av \u00e5rsm\u00f6tet f\u00f6r en tid av ett \u00e5r.<br \/>Valberedningens uppgift \u00e4r att:<\/p>\n<ul>\n<li>Vid inledningen av sitt arbete, senast en m\u00e5nad innan f\u00f6rslaget skall vara klart, inh\u00e4mta styrelsens synpunkter.<\/li>\n<li>Motta nomineringar fr\u00e5n klubbens medlemmar och sj\u00e4lva aktivt s\u00f6ka l\u00e4mpliga kandidater.<\/li>\n<li>Till \u00e5rsm\u00f6tet l\u00e4mna f\u00f6rslag p\u00e5 kandidater till de poster som enligt stadgarna \u00e4r f\u00f6rem\u00e5l f\u00f6r val och till \u00f6vriga poster som eventuellt blir vakanta.<\/li>\n<li>Valberedningens f\u00f6rslag uts\u00e4nds tillsammans med kallelsen till \u00e5rsm\u00f6tet.<\/li>\n<\/ul>\n<p><strong>\u00a7 10\u00a0\u00a0\u00a0\u00a0\u00a0\u00a0\u00a0\u00a0\u00a0 Emblem<\/strong><br \/>S\u00e4llskapets emblem best\u00e5r av en r\u00f6d standert med vit kantrand och vitt lik. I r\u00f6da f\u00e4ltet ett cirkelrunt f\u00e4lt med bokst\u00e4verna RBS \u00f6ver tv\u00e5 v\u00e5glinjer. Bokst\u00e4ver och v\u00e5glinjer i bl\u00e5tt.<br \/>S\u00e4llskapets standert och m\u00e4rken f\u00e5r endast f\u00f6ras\/b\u00e4ras av medlem.<\/p>\n<p><strong>\u00a7 11\u00a0\u00a0\u00a0\u00a0\u00a0\u00a0\u00a0\u00a0\u00a0 Hamn och varv<\/strong><br \/>F\u00f6r f\u00f6rh\u00e5llandena vid s\u00e4llskapets hamn- och varvsanl\u00e4ggning finns s\u00e4rskilda ordningsregler, som skall fastst\u00e4llas vid \u00e5rsm\u00f6te och som skall efterlevas.<br \/>R\u00e4tt till hamn- och\/eller uppl\u00e4ggningsplats begr\u00e4nsas av tillg\u00e4ngliga anordningar och utrustning &#8211; detta g\u00e4ller ocks\u00e5 vid medlems byte av b\u00e5t till annan storlek.<br \/>B\u00e5t\u00e4gare \u00e4r skyldig att infinna sig p\u00e5 styrelsens kallelse f\u00f6r att delta i n\u00f6dv\u00e4ndiga arbeten p\u00e5 s\u00e4ll\u00adskapets anl\u00e4ggningar.<br \/>Varje medlem ansvarar f\u00f6r sin egen b\u00e5t vid uppdragning och sj\u00f6s\u00e4ttning. B\u00e5tar och invent\u00adarier l\u00e4ggs upp p\u00e5 \u00e4garens risk. B\u00e5t skall vara f\u00f6rs\u00e4krad.<\/p>\n<p><strong>\u00a7 12\u00a0\u00a0\u00a0\u00a0\u00a0\u00a0\u00a0\u00a0\u00a0 Stadge\u00e4ndring<\/strong><br \/>F\u00f6religger f\u00f6rslag till stadge\u00e4ndring skall detta framg\u00e5 av kallelsen till \u00e5rsm\u00f6te.<br \/>F\u00f6r att ett \u00e4ndringsf\u00f6rslag skall kunna antas m\u00e5ste det godk\u00e4nnas med minst 2\/3 majoritet vid tv\u00e5 p\u00e5 varandra f\u00f6ljande \u00e5rsm\u00f6ten.<br \/>Vid andra godk\u00e4nnandet kan paragrafen f\u00f6rklaras omedelbart justerad.<\/p>\n<p><strong>\u00a7 13\u00a0\u00a0\u00a0\u00a0\u00a0\u00a0\u00a0\u00a0\u00a0 S\u00e4llskapets uppl\u00f6sning<\/strong><br \/>F\u00f6rslag till s\u00e4llskapets uppl\u00f6sning kan endast behandlas p\u00e5 f\u00f6reningsm\u00f6te och \u00e4rendet skall framg\u00e5 av kallelsen. <span style=\"font-size: revert;\">F\u00f6r beslut om uppl\u00f6sning fordras minst 2\/3 majoritet p\u00e5 tv\u00e5 f\u00f6reningsm\u00f6ten, med minst en m\u00e5nads mellanrum. <\/span><span style=\"font-size: revert;\">Har beslut om uppl\u00f6sning fattats, skall sista m\u00f6tet ge styrelsen direktiv om hur man skall f\u00f6rfara med klubbens tillg\u00e5ngar och handlingar.<\/span><\/p>\n\n\n<hr class=\"wp-block-separator has-alpha-channel-opacity is-style-wide\"\/>\n","protected":false},"excerpt":{"rendered":"<p>Stockholm februari 2025. STADGAR\u00a0F\u00d6RREIMERS B\u00c5TS\u00c4LLSKAP S\u00e4llskapet bildades 1944 och har sin hemort i Stockholm Stadgarna antogs ursprungligen 1945, till\u00e4gg och omredigeringar har antagits 1950, 1981 och 1997 samt 2010 och 2025, d\u00e5 med utg\u00e5ngspunkt fr\u00e5n Svenska B\u00e5tunionens ramstadgar___________________________________________________________________________ \u00a7 1\u00a0\u00a0\u00a0\u00a0\u00a0\u00a0\u00a0\u00a0\u00a0\u00a0\u00a0 \u00c4ndam\u00e5l S\u00e4llskapet \u00e4r en allm\u00e4nnyttig ideell f\u00f6rening och har till&#46;&#46;&#46; <a class=\"more-link\" href=\"http:\/\/www.reimersbs.se\/index.php\/stadgar\/\">L\u00e4s mer \u00bb<\/a><\/p>\n","protected":false},"author":1,"featured_media":0,"parent":0,"menu_order":0,"comment_status":"open","ping_status":"open","template":"","meta":{"footnotes":""},"class_list":["post-26","page","type-page","status-publish","hentry"],"_links":{"self":[{"href":"http:\/\/www.reimersbs.se\/index.php\/wp-json\/wp\/v2\/pages\/26","targetHints":{"allow":["GET"]}}],"collection":[{"href":"http:\/\/www.reimersbs.se\/index.php\/wp-json\/wp\/v2\/pages"}],"about":[{"href":"http:\/\/www.reimersbs.se\/index.php\/wp-json\/wp\/v2\/types\/page"}],"author":[{"embeddable":true,"href":"http:\/\/www.reimersbs.se\/index.php\/wp-json\/wp\/v2\/users\/1"}],"replies":[{"embeddable":true,"href":"http:\/\/www.reimersbs.se\/index.php\/wp-json\/wp\/v2\/comments?post=26"}],"version-history":[{"count":12,"href":"http:\/\/www.reimersbs.se\/index.php\/wp-json\/wp\/v2\/pages\/26\/revisions"}],"predecessor-version":[{"id":1793,"href":"http:\/\/www.reimersbs.se\/index.php\/wp-json\/wp\/v2\/pages\/26\/revisions\/1793"}],"wp:attachment":[{"href":"http:\/\/www.reimersbs.se\/index.php\/wp-json\/wp\/v2\/media?parent=26"}],"curies":[{"name":"wp","href":"https:\/\/api.w.org\/{rel}","templated":true}]}}