{"id":242,"date":"2015-09-27T21:39:10","date_gmt":"2015-09-27T19:39:10","guid":{"rendered":"http:\/\/www.reimersbs.se\/?page_id=242"},"modified":"2020-05-23T21:09:18","modified_gmt":"2020-05-23T19:09:18","slug":"verksamhetsberattelse","status":"publish","type":"page","link":"http:\/\/www.reimersbs.se\/index.php\/verksamhetsberattelse\/","title":{"rendered":"Verksamhetsber\u00e4ttelse"},"content":{"rendered":"<p>H\u00e4r hittar du den senaste verksamhetsber\u00e4ttelsen, som pdf.<\/p>\n<p><a href=\"http:\/\/www.reimersbs.se\/wp-content\/uploads\/2020\/03\/68074_RBS-VB_2019.pdf\">Verksamhetsber\u00e4ttelse 2019<\/a><\/p>\n<p><em>&lt;&lt;<a href=\"http:\/\/www.reimersbs.se\/index.php\/medlemsidor\/\">tillbaka till medlemssidans meny<\/a><\/em><\/p>\n","protected":false},"excerpt":{"rendered":"<p>H\u00e4r hittar du den senaste verksamhetsber\u00e4ttelsen, som pdf. Verksamhetsber\u00e4ttelse 2019 &lt;&lt;tillbaka till medlemssidans meny <a class=\"more-link\" href=\"http:\/\/www.reimersbs.se\/index.php\/verksamhetsberattelse\/\">L\u00e4s mer \u00bb<\/a><\/p>\n","protected":false},"author":1,"featured_media":0,"parent":0,"menu_order":0,"comment_status":"closed","ping_status":"closed","template":"","meta":{"footnotes":""},"class_list":["post-242","page","type-page","status-publish","hentry"],"_links":{"self":[{"href":"http:\/\/www.reimersbs.se\/index.php\/wp-json\/wp\/v2\/pages\/242","targetHints":{"allow":["GET"]}}],"collection":[{"href":"http:\/\/www.reimersbs.se\/index.php\/wp-json\/wp\/v2\/pages"}],"about":[{"href":"http:\/\/www.reimersbs.se\/index.php\/wp-json\/wp\/v2\/types\/page"}],"author":[{"embeddable":true,"href":"http:\/\/www.reimersbs.se\/index.php\/wp-json\/wp\/v2\/users\/1"}],"replies":[{"embeddable":true,"href":"http:\/\/www.reimersbs.se\/index.php\/wp-json\/wp\/v2\/comments?post=242"}],"version-history":[{"count":8,"href":"http:\/\/www.reimersbs.se\/index.php\/wp-json\/wp\/v2\/pages\/242\/revisions"}],"predecessor-version":[{"id":560,"href":"http:\/\/www.reimersbs.se\/index.php\/wp-json\/wp\/v2\/pages\/242\/revisions\/560"}],"wp:attachment":[{"href":"http:\/\/www.reimersbs.se\/index.php\/wp-json\/wp\/v2\/media?parent=242"}],"curies":[{"name":"wp","href":"https:\/\/api.w.org\/{rel}","templated":true}]}}