{"id":143,"date":"2015-05-16T17:58:03","date_gmt":"2015-05-16T15:58:03","guid":{"rendered":"http:\/\/www.reimersbs.se\/?page_id=143"},"modified":"2020-05-23T22:20:08","modified_gmt":"2020-05-23T20:20:08","slug":"losenord","status":"publish","type":"page","link":"http:\/\/www.reimersbs.se\/index.php\/losenord\/","title":{"rendered":"Medlemsadministration &#8211; Nytt l\u00f6senord"},"content":{"rendered":"<p><strong>Har du gl\u00f6mt vilka dina inloggningsuppgifter du registrerade f\u00f6r medlemssidorna tidigare?<\/strong><br \/><em><strong><br \/>Om du inte \u00e4r inloggad:<\/strong><\/em> H\u00e4r kan du best\u00e4lla dina anv\u00e4ndaruppgifter till din e-post.\u00a0<br \/>(funktion &#8221;h\u00e4mta anv\u00e4ndarnamn&#8221;, syns bara f\u00f6r icke inloggade) <br \/>Kommer du ih\u00e5g ditt anv\u00e4ndarnamn men har gl\u00f6mt ditt l\u00f6senord? <a href=\"http:\/\/www.reimersbs.se\/index.php\/medlemsadministration\/\">Klicka h\u00e4r.<\/a><br \/><em><strong><br \/>Om du \u00e4r inloggad<\/strong><\/em>\u00a0s\u00e5 visar just denna sida inga formul\u00e4r men du kan administrera dina uppgifter<br \/>(tex \u00e4ndra l\u00f6senord) genom att <a href=\"http:\/\/www.reimersbs.se\/index.php\/medlemsadministration\/\">klicka h\u00e4r.<\/a><\/p>\n<p><span style=\"font-size: inherit;\"><div id=\"wpmem_login\"><a id=\"pwdreset\"><\/a><form action=\"http:\/\/www.reimersbs.se\/index.php\/losenord\/\" method=\"POST\" id=\"wpmem_pwdreset_form\" class=\"form\"><input type=\"hidden\" id=\"_wpmem_pwdreset_nonce\" name=\"_wpmem_pwdreset_nonce\" value=\"365c62ac68\" \/><input type=\"hidden\" name=\"_wp_http_referer\" value=\"\/index.php\/wp-json\/wp\/v2\/pages\/143\" \/><fieldset><legend>\u00c5terst\u00e4ll gl\u00f6mt l\u00f6senord<\/legend><label for=\"user\">Anv\u00e4ndarnamn eller e-post<\/label><div class=\"div_text\"><input name=\"user\" type=\"text\" id=\"user\" value=\"\" class=\"username\" required  \/><\/div><input name=\"a\" type=\"hidden\" value=\"pwdreset\" \/><input name=\"redirect_to\" type=\"hidden\" value=\"\/index.php\/wp-json\/wp\/v2\/pages\/143\" \/><input name=\"formsubmit\" type=\"hidden\" value=\"1\" \/><div class=\"button_div\"><input type=\"submit\" name=\"Submit\" value=\"\u00c5terst\u00e4ll l\u00f6senord\" class=\"buttons\" \/><\/div><div class=\"link-text\"><span class=\"link-text-username\">Gl\u00f6mt anv\u00e4ndarnamn?&nbsp;<a href=\"http:\/\/www.reimersbs.se\/index.php\/losenord\/?a=getusername\">Klicka h\u00e4r<\/a><\/span><\/div><\/fieldset><\/form><\/div><\/span><\/p>\n\n\n<p><\/p>\n","protected":false},"excerpt":{"rendered":"<p>Har du gl\u00f6mt vilka dina inloggningsuppgifter du registrerade f\u00f6r medlemssidorna tidigare?Om du inte \u00e4r inloggad: H\u00e4r kan du best\u00e4lla dina anv\u00e4ndaruppgifter till din e-post.\u00a0(funktion &#8221;h\u00e4mta anv\u00e4ndarnamn&#8221;, syns bara f\u00f6r icke inloggade) Kommer du ih\u00e5g ditt anv\u00e4ndarnamn men har gl\u00f6mt ditt l\u00f6senord? Klicka h\u00e4r.Om du \u00e4r inloggad\u00a0s\u00e5 visar just denna sida&#46;&#46;&#46; <a class=\"more-link\" href=\"http:\/\/www.reimersbs.se\/index.php\/losenord\/\">L\u00e4s mer \u00bb<\/a><\/p>\n","protected":false},"author":1,"featured_media":0,"parent":0,"menu_order":0,"comment_status":"open","ping_status":"open","template":"","meta":{"footnotes":""},"class_list":["post-143","page","type-page","status-publish","hentry"],"_links":{"self":[{"href":"http:\/\/www.reimersbs.se\/index.php\/wp-json\/wp\/v2\/pages\/143","targetHints":{"allow":["GET"]}}],"collection":[{"href":"http:\/\/www.reimersbs.se\/index.php\/wp-json\/wp\/v2\/pages"}],"about":[{"href":"http:\/\/www.reimersbs.se\/index.php\/wp-json\/wp\/v2\/types\/page"}],"author":[{"embeddable":true,"href":"http:\/\/www.reimersbs.se\/index.php\/wp-json\/wp\/v2\/users\/1"}],"replies":[{"embeddable":true,"href":"http:\/\/www.reimersbs.se\/index.php\/wp-json\/wp\/v2\/comments?post=143"}],"version-history":[{"count":17,"href":"http:\/\/www.reimersbs.se\/index.php\/wp-json\/wp\/v2\/pages\/143\/revisions"}],"predecessor-version":[{"id":586,"href":"http:\/\/www.reimersbs.se\/index.php\/wp-json\/wp\/v2\/pages\/143\/revisions\/586"}],"wp:attachment":[{"href":"http:\/\/www.reimersbs.se\/index.php\/wp-json\/wp\/v2\/media?parent=143"}],"curies":[{"name":"wp","href":"https:\/\/api.w.org\/{rel}","templated":true}]}}