{"id":1256,"date":"2023-05-13T18:45:41","date_gmt":"2023-05-13T16:45:41","guid":{"rendered":"http:\/\/www.reimersbs.se\/?page_id=1256"},"modified":"2023-05-13T18:52:26","modified_gmt":"2023-05-13T16:52:26","slug":"batforbundet-andrar-sina-stadgar","status":"publish","type":"page","link":"http:\/\/www.reimersbs.se\/index.php\/batforbundet-andrar-sina-stadgar\/","title":{"rendered":"B\u00e5tf\u00f6rbundet \u00e4ndrar sina stadgar"},"content":{"rendered":"\n<p>B\u00e5tf\u00f6rbundet har \u00e4ndrat sina stadgar, vilket p\u00e5verkar v\u00e5ra.<br>Om detta informerades medlemmarna p\u00e5 \u00e5rsm\u00f6tet 2023.<br>Det kommer d\u00e4rf\u00f6r kr\u00e4vas att vi tar bort raderna som ber\u00f6r detta i v\u00e5ra stadgar, d\u00e5 vi ju inte l\u00e4ngre kan h\u00e4nvisa till n\u00e5got som allts\u00e5 SMBF inte l\u00e4ngre tillhandah\u00e5ller. <br>H\u00e4r kan du l\u00e4sa mer om detta:<br><br><strong>FR\u00c5N SMBF:<\/strong><br>Viktig information om \u00e4ndring av SMBF:s stadgar g\u00e4llande klubbmedlems uteslutning<\/p>\n\n\n\n<p>Vid SMBF:s \u00e5rsm\u00f6ten 2022 och 2023 antogs en \u00e4ndring av del av stadgarnas<br>\u00a7 4:&nbsp;\u201dAllm\u00e4nna best\u00e4mmelser f\u00f6r ansluten b\u00e5tklubb\u201d<\/p>\n\n\n\n<p>Den text som utgick var f\u00f6ljande:<\/p>\n\n\n\n<p><em>\u201dOm enskild medlem utesluts ur ansluten b\u00e5tklubb \u00e4ger medlemmen r\u00e4tt, om klubbens stadgar s\u00e5 medger, att inom tre veckor hos f\u00f6rbundsstyrelsen klaga \u00f6ver beslutet. F\u00f6rbundsstyrelsen ska utreda \u00e4rendet och avge ett yttrande till b\u00e5tklubben och medlemmen.\u201d&nbsp;<\/em><\/p>\n\n\n\n<p><strong>Utifr\u00e5n ovanst\u00e5ende, uppmanas medlemsklubbarna, att \u00e4ndra i sina stadgar, genom att ta bort eventuella best\u00e4mmelser som ger en medlem m\u00f6jlighet att till SMBF klaga i ett \u00e4rende r\u00f6rande uteslutning av denne.<\/strong><\/p>\n\n\n\n<p>Till f\u00f6ljd av att n\u00f6dv\u00e4ndiga stadge\u00e4ndringar i klubbarna kan ta viss tid i anspr\u00e5k kommer SMBF att under en \u00f6verg\u00e5ngsperiod fram till och med 31 december 2024 \u00e4nd\u00e5 att ta upp s\u00e5dana \u00e4renden.<\/p>\n\n\n\n<p>Efter det att \u00f6verg\u00e5ngsperioden har l\u00f6pt ut kommer givetvis SMBF att fortsatt ge juridisk r\u00e5dgivning till b\u00e5tklubbarna i uteslutnings\u00e4renden.<\/p>\n\n\n\n<p>H\u00e4r finner du deras skrivelse i pdf, d\u00e4r \u00e4ven kontaktuppgifter till f\u00f6rbundet finns om du har n\u00e5gra fr\u00e5gor:<br><\/p>\n\n\n\n<div class=\"wp-block-file\"><a id=\"wp-block-file--media-0316781c-5e06-4c23-8990-db6f3fb94848\" href=\"http:\/\/www.reimersbs.se\/wp-content\/uploads\/2023\/05\/Viktigt-ang-SMBF-stadgar.pdf\">Viktigt-ang-SMBF-stadgar<\/a><a href=\"http:\/\/www.reimersbs.se\/wp-content\/uploads\/2023\/05\/Viktigt-ang-SMBF-stadgar.pdf\" class=\"wp-block-file__button wp-element-button\" download aria-describedby=\"wp-block-file--media-0316781c-5e06-4c23-8990-db6f3fb94848\">Ladda ner<\/a><\/div>\n\n\n\n<p>*<\/p>\n\n\n\n<p><\/p>\n","protected":false},"excerpt":{"rendered":"<p>B\u00e5tf\u00f6rbundet har \u00e4ndrat sina stadgar, vilket p\u00e5verkar v\u00e5ra.Om detta informerades medlemmarna p\u00e5 \u00e5rsm\u00f6tet 2023.Det kommer d\u00e4rf\u00f6r kr\u00e4vas att vi tar bort raderna som ber\u00f6r detta i v\u00e5ra stadgar, d\u00e5 vi ju inte l\u00e4ngre kan h\u00e4nvisa till n\u00e5got som allts\u00e5 SMBF inte l\u00e4ngre tillhandah\u00e5ller. H\u00e4r kan du l\u00e4sa mer om detta:&#46;&#46;&#46; <a class=\"more-link\" href=\"http:\/\/www.reimersbs.se\/index.php\/batforbundet-andrar-sina-stadgar\/\">L\u00e4s mer \u00bb<\/a><\/p>\n","protected":false},"author":1,"featured_media":0,"parent":0,"menu_order":0,"comment_status":"closed","ping_status":"closed","template":"","meta":{"footnotes":""},"class_list":["post-1256","page","type-page","status-publish","hentry"],"_links":{"self":[{"href":"http:\/\/www.reimersbs.se\/index.php\/wp-json\/wp\/v2\/pages\/1256","targetHints":{"allow":["GET"]}}],"collection":[{"href":"http:\/\/www.reimersbs.se\/index.php\/wp-json\/wp\/v2\/pages"}],"about":[{"href":"http:\/\/www.reimersbs.se\/index.php\/wp-json\/wp\/v2\/types\/page"}],"author":[{"embeddable":true,"href":"http:\/\/www.reimersbs.se\/index.php\/wp-json\/wp\/v2\/users\/1"}],"replies":[{"embeddable":true,"href":"http:\/\/www.reimersbs.se\/index.php\/wp-json\/wp\/v2\/comments?post=1256"}],"version-history":[{"count":3,"href":"http:\/\/www.reimersbs.se\/index.php\/wp-json\/wp\/v2\/pages\/1256\/revisions"}],"predecessor-version":[{"id":1263,"href":"http:\/\/www.reimersbs.se\/index.php\/wp-json\/wp\/v2\/pages\/1256\/revisions\/1263"}],"wp:attachment":[{"href":"http:\/\/www.reimersbs.se\/index.php\/wp-json\/wp\/v2\/media?parent=1256"}],"curies":[{"name":"wp","href":"https:\/\/api.w.org\/{rel}","templated":true}]}}