{"id":1223,"date":"2023-05-13T17:34:29","date_gmt":"2023-05-13T15:34:29","guid":{"rendered":"http:\/\/www.reimersbs.se\/?page_id=1223"},"modified":"2023-06-16T10:25:58","modified_gmt":"2023-06-16T08:25:58","slug":"arsmotet-2023","status":"publish","type":"page","link":"http:\/\/www.reimersbs.se\/index.php\/arsmotet-2023\/","title":{"rendered":"\u00c5rsm\u00f6tet 2023"},"content":{"rendered":"Du m\u00e5ste vara inloggad f\u00f6r att visa detta inneh\u00e5ll.","protected":false},"excerpt":{"rendered":"Du m\u00e5ste vara inloggad f\u00f6r att visa detta inneh\u00e5ll.","protected":false},"author":1,"featured_media":0,"parent":0,"menu_order":0,"comment_status":"closed","ping_status":"closed","template":"","meta":{"footnotes":""},"class_list":["post-1223","page","type-page","status-publish","hentry"],"_links":{"self":[{"href":"http:\/\/www.reimersbs.se\/index.php\/wp-json\/wp\/v2\/pages\/1223","targetHints":{"allow":["GET"]}}],"collection":[{"href":"http:\/\/www.reimersbs.se\/index.php\/wp-json\/wp\/v2\/pages"}],"about":[{"href":"http:\/\/www.reimersbs.se\/index.php\/wp-json\/wp\/v2\/types\/page"}],"author":[{"embeddable":true,"href":"http:\/\/www.reimersbs.se\/index.php\/wp-json\/wp\/v2\/users\/1"}],"replies":[{"embeddable":true,"href":"http:\/\/www.reimersbs.se\/index.php\/wp-json\/wp\/v2\/comments?post=1223"}],"version-history":[{"count":5,"href":"http:\/\/www.reimersbs.se\/index.php\/wp-json\/wp\/v2\/pages\/1223\/revisions"}],"predecessor-version":[{"id":1274,"href":"http:\/\/www.reimersbs.se\/index.php\/wp-json\/wp\/v2\/pages\/1223\/revisions\/1274"}],"wp:attachment":[{"href":"http:\/\/www.reimersbs.se\/index.php\/wp-json\/wp\/v2\/media?parent=1223"}],"curies":[{"name":"wp","href":"https:\/\/api.w.org\/{rel}","templated":true}]}}